{"id":3432,"date":"2025-09-02T13:10:23","date_gmt":"2025-09-02T10:10:23","guid":{"rendered":"https:\/\/infokiosk.kadrina-kool.edu.ee\/?page_id=3432"},"modified":"2026-01-19T11:19:56","modified_gmt":"2026-01-19T09:19:56","slug":"9-d","status":"publish","type":"page","link":"https:\/\/infokiosk.kadrina-kool.edu.ee\/?page_id=3432","title":{"rendered":"9.D"},"content":{"rendered":"\t\t<div data-elementor-type=\"wp-page\" data-elementor-id=\"3432\" class=\"elementor elementor-3432\">\n\t\t\t\t\t\t\t\t\t<section class=\"elementor-section elementor-top-section elementor-element elementor-element-976b22c elementor-section-boxed elementor-section-height-default elementor-section-height-default\" data-id=\"976b22c\" data-element_type=\"section\">\n\t\t\t\t\t\t<div class=\"elementor-container elementor-column-gap-default\">\n\t\t\t\t\t<div class=\"elementor-column elementor-col-100 elementor-top-column elementor-element elementor-element-ff0cb07\" data-id=\"ff0cb07\" data-element_type=\"column\">\n\t\t\t<div class=\"elementor-widget-wrap elementor-element-populated\">\n\t\t\t\t\t\t\t\t<div class=\"elementor-element elementor-element-52e702b elementor-align-center elementor-widget elementor-widget-button\" data-id=\"52e702b\" data-element_type=\"widget\" data-widget_type=\"button.default\">\n\t\t\t\t<div class=\"elementor-widget-container\">\n\t\t\t\t\t<div class=\"elementor-button-wrapper\">\n\t\t\t<a class=\"elementor-button elementor-button-link elementor-size-lg\" href=\"https:\/\/infokiosk.kadrina-kool.edu.ee\/\">\n\t\t\t\t\t\t<span class=\"elementor-button-content-wrapper\">\n\t\t\t\t\t\t<span class=\"elementor-button-icon elementor-align-icon-left\">\n\t\t\t\t<i aria-hidden=\"true\" class=\"fas fa-long-arrow-alt-left\"><\/i>\t\t\t<\/span>\n\t\t\t\t\t\t<span class=\"elementor-button-text\">TAGASI AVALEHELE<\/span>\n\t\t<\/span>\n\t\t\t\t\t<\/a>\n\t\t<\/div>\n\t\t\t\t<\/div>\n\t\t\t\t<\/div>\n\t\t\t\t\t<\/div>\n\t\t<\/div>\n\t\t\t\t\t\t\t<\/div>\n\t\t<\/section>\n\t\t\t\t<section class=\"elementor-section elementor-top-section elementor-element elementor-element-9c42c4d elementor-section-boxed elementor-section-height-default elementor-section-height-default\" data-id=\"9c42c4d\" data-element_type=\"section\">\n\t\t\t\t\t\t<div class=\"elementor-container elementor-column-gap-default\">\n\t\t\t\t\t<div class=\"elementor-column elementor-col-100 elementor-top-column elementor-element elementor-element-7480b89\" data-id=\"7480b89\" data-element_type=\"column\">\n\t\t\t<div class=\"elementor-widget-wrap elementor-element-populated\">\n\t\t\t\t\t\t\t\t<div class=\"elementor-element elementor-element-767b06f elementor-widget elementor-widget-text-editor\" data-id=\"767b06f\" data-element_type=\"widget\" data-widget_type=\"text-editor.default\">\n\t\t\t\t<div class=\"elementor-widget-container\">\n\t\t\t<style>\/*! elementor - v3.18.0 - 20-12-2023 *\/\n.elementor-widget-text-editor.elementor-drop-cap-view-stacked .elementor-drop-cap{background-color:#69727d;color:#fff}.elementor-widget-text-editor.elementor-drop-cap-view-framed .elementor-drop-cap{color:#69727d;border:3px solid;background-color:transparent}.elementor-widget-text-editor:not(.elementor-drop-cap-view-default) .elementor-drop-cap{margin-top:8px}.elementor-widget-text-editor:not(.elementor-drop-cap-view-default) .elementor-drop-cap-letter{width:1em;height:1em}.elementor-widget-text-editor .elementor-drop-cap{float:left;text-align:center;line-height:1;font-size:50px}.elementor-widget-text-editor .elementor-drop-cap-letter{display:inline-block}<\/style>\t\t\t\t<table><tbody><tr><td>P\u00e4ev<\/td><td>1.<\/td><td>2.<\/td><td>3.<\/td><td>4.<\/td><td>5.<\/td><td>6.<\/td><td>7.<\/td><td>8.<\/td><\/tr><tr><td>Es<\/td><td>VK \/ SK<br \/>J.Botskova, E.Saaren, L.Uusk\u00fcla, S.Soots<br \/>A103, B212, B110, C117<\/td><td>Geo<br \/>K.Kasemets<br \/>C305<\/td><td>Ev<br \/>E.Abner, M.Lillem\u00e4gi, M.F\u00e4elmann, B.Jamnes, C.Karus, R.Olev, Mirell Viru<br \/>C210<\/td><td>Matem<br \/>C.Karus, R.Olev, B.Jamnes, Mirell Viru<br \/>C209, C309, C306, C121<\/td><td>K\u00e4sit.\/kodundus\/ tehnoloogia<br \/>M.Annula, K.Meos<\/td><td>K\u00e4sit.\/kodundus\/ tehnoloogia<br \/>M.Annula, K.Meos<\/td><td>\u00a0<\/td><td>\u00a0<\/td><\/tr><tr><td>Te<\/td><td>Matem<br \/>C.Karus, R.Olev, B.Jamnes, Mirell Viru<br \/>C209, C309, C306, C121<\/td><td>Eesti k\/ Matem<br \/>M.Lillem\u00e4gi, E.Abner, M.F\u00e4elmann, C.Karus<br \/>C210, C212, C216, C309<\/td><td>Ajalugu<br \/>E.Tiiter<br \/>C311<\/td><td>Muusika<br \/>Kadri Kask<br \/>Muusika 2<\/td><td>VK \/ SK<br \/>J.Botskova, E.Saaren, L.Uusk\u00fcla, S.Soots<br \/>A103, B212, B110, C117<\/td><td>Inglise k<br \/>K.King, K.M\u00e4gi, M.Sikk, E.Vahesaar<br \/>B113, C318, B211, A205<\/td><td>Kirj\/ Matem<br \/>M.Lillem\u00e4gi, E.Abner, M.F\u00e4elmann, C.Karus<br \/>C210, C212, C216, C309<\/td><td>\u00a0<\/td><\/tr><tr><td>Ko<\/td><td>Matem<br \/>C.Karus, R.Olev, B.Jamnes, Mirell Viru<br \/>C209, C309, C306, C121<\/td><td>Inglise k<br \/>K.King, K.M\u00e4gi, M.Sikk, E.Vahesaar<br \/>B113, C318, B211, A205<\/td><td>F\u00fc\u00fcs<br \/>A.M\u00fcnter<br \/>C204<\/td><td>F\u00fc\u00fcs<br \/>A.M\u00fcnter<br \/>C204<\/td><td>Keemia<br \/>L.Leinmets<br \/>C303<\/td><td>\u00dchiskond<br \/>H.Laiv<br \/>C311<\/td><td>\u00a0<\/td><td>\u00a0<\/td><\/tr><tr><td>Ne<\/td><td>Ajalugu<br \/>E.Tiiter<br \/>C206<\/td><td>VK \/ SK<br \/>J.Botskova, E.Saaren, L.Uusk\u00fcla, S.Soots<br \/>A103, B212, B110, C117<\/td><td>\u00dchiskond<br \/>H.Laiv<br \/>C311<\/td><td>Matem<br \/>C.Karus, R.Olev, B.Jamnes, Mirell Viru<br \/>C209, C309, C306, C121<\/td><td>Bio<br \/>S.Pung<br \/>B112<\/td><td>Eesti k\/ Matem<br \/>M.Lillem\u00e4gi, E.Abner, M.F\u00e4elmann, C.Karus<br \/>C210, C212, C216, C309<\/td><td>Kirj\/ Matem<br \/>M.Lillem\u00e4gi, E.Abner, M.F\u00e4elmann, C.Karus<br \/>C210, C212, C216, C309<\/td><td>\u00a0<\/td><\/tr><tr><td rowspan=\"2\">Re<\/td><td rowspan=\"2\">Matem<br \/>C.Karus, R.Olev, B.Jamnes, Mirell Viru<br \/>C209, C309, C306, C121<\/td><td rowspan=\"2\">Inglise k<br \/>K.King, K.M\u00e4gi, M.Sikk, E.Vahesaar<br \/>B113, C318, B211, A205<\/td><td rowspan=\"2\">Keemia<br \/>L.Leinmets<br \/>C303<\/td><td rowspan=\"2\">Bio<br \/>S.Pung<br \/>B112<\/td><td>Keh.kasv<br \/>\u00dc.Kink, J.Rummi<\/td><td>Keh.kasv<br \/>\u00dc.Kink, J.Rummi<\/td><td rowspan=\"2\">\u00a0<\/td><td rowspan=\"2\">\u00a0<\/td><\/tr><tr><td>Keh.kasv<br \/>\u00dc.Kink, J.Rummi<\/td><td>Keh.kasv<br \/>\u00dc.Kink, J.Rummi<\/td><\/tr><\/tbody><\/table><p>\u00a0<\/p>\t\t\t\t\t\t<\/div>\n\t\t\t\t<\/div>\n\t\t\t\t\t<\/div>\n\t\t<\/div>\n\t\t\t\t\t\t\t<\/div>\n\t\t<\/section>\n\t\t\t\t\t\t\t<\/div>\n\t\t","protected":false},"excerpt":{"rendered":"<p>TAGASI AVALEHELE P\u00e4ev 1. 2. 3. 4. 5. 6. 7. 8. Es VK \/ SKJ.Botskova, E.Saaren, L.Uusk\u00fcla, S.SootsA103, B212, B110, C117 GeoK.KasemetsC305 EvE.Abner, M.Lillem\u00e4gi, M.F\u00e4elmann, B.Jamnes, C.Karus, R.Olev, Mirell ViruC210 MatemC.Karus, R.Olev, B.Jamnes, Mirell ViruC209, C309, C306, C121 K\u00e4sit.\/kodundus\/ tehnoloogiaM.Annula, K.Meos K\u00e4sit.\/kodundus\/ tehnoloogiaM.Annula, K.Meos \u00a0 \u00a0 Te MatemC.Karus, R.Olev, B.Jamnes, Mirell ViruC209, C309, C306, C121 &hellip;<\/p>\n<p class=\"read-more\"> <a class=\"\" href=\"https:\/\/infokiosk.kadrina-kool.edu.ee\/?page_id=3432\"> <span class=\"screen-reader-text\">9.D<\/span> Read More &raquo;<\/a><\/p>\n","protected":false},"author":3,"featured_media":0,"parent":0,"menu_order":0,"comment_status":"closed","ping_status":"closed","template":"","meta":{"_uag_custom_page_level_css":"","site-sidebar-layout":"no-sidebar","site-content-layout":"","ast-site-content-layout":"full-width-container","site-content-style":"default","site-sidebar-style":"default","ast-global-header-display":"","ast-banner-title-visibility":"","ast-main-header-display":"","ast-hfb-above-header-display":"","ast-hfb-below-header-display":"","ast-hfb-mobile-header-display":"","site-post-title":"disabled","ast-breadcrumbs-content":"","ast-featured-img":"disabled","footer-sml-layout":"","theme-transparent-header-meta":"","adv-header-id-meta":"","stick-header-meta":"","header-above-stick-meta":"","header-main-stick-meta":"","header-below-stick-meta":"","astra-migrate-meta-layouts":"","ast-page-background-enabled":"default","ast-page-background-meta":{"desktop":{"background-color":"var(--ast-global-color-4)","background-image":"","background-repeat":"repeat","background-position":"center center","background-size":"auto","background-attachment":"scroll","background-type":"","background-media":"","overlay-type":"","overlay-color":"","overlay-gradient":""},"tablet":{"background-color":"","background-image":"","background-repeat":"repeat","background-position":"center center","background-size":"auto","background-attachment":"scroll","background-type":"","background-media":"","overlay-type":"","overlay-color":"","overlay-gradient":""},"mobile":{"background-color":"","background-image":"","background-repeat":"repeat","background-position":"center center","background-size":"auto","background-attachment":"scroll","background-type":"","background-media":"","overlay-type":"","overlay-color":"","overlay-gradient":""}},"ast-content-background-meta":{"desktop":{"background-color":"var(--ast-global-color-5)","background-image":"","background-repeat":"repeat","background-position":"center center","background-size":"auto","background-attachment":"scroll","background-type":"","background-media":"","overlay-type":"","overlay-color":"","overlay-gradient":""},"tablet":{"background-color":"var(--ast-global-color-5)","background-image":"","background-repeat":"repeat","background-position":"center center","background-size":"auto","background-attachment":"scroll","background-type":"","background-media":"","overlay-type":"","overlay-color":"","overlay-gradient":""},"mobile":{"background-color":"var(--ast-global-color-5)","background-image":"","background-repeat":"repeat","background-position":"center center","background-size":"auto","background-attachment":"scroll","background-type":"","background-media":"","overlay-type":"","overlay-color":"","overlay-gradient":""}},"footnotes":""},"class_list":["post-3432","page","type-page","status-publish","hentry"],"uagb_featured_image_src":{"full":false,"thumbnail":false,"medium":false,"medium_large":false,"large":false,"1536x1536":false,"2048x2048":false},"uagb_author_info":{"display_name":"Martin","author_link":"https:\/\/infokiosk.kadrina-kool.edu.ee\/?author=3"},"uagb_comment_info":0,"uagb_excerpt":"TAGASI AVALEHELE P\u00e4ev 1. 2. 3. 4. 5. 6. 7. 8. Es VK \/ SKJ.Botskova, E.Saaren, L.Uusk\u00fcla, S.SootsA103, B212, B110, C117 GeoK.KasemetsC305 EvE.Abner, M.Lillem\u00e4gi, M.F\u00e4elmann, B.Jamnes, C.Karus, R.Olev, Mirell ViruC210 MatemC.Karus, R.Olev, B.Jamnes, Mirell ViruC209, C309, C306, C121 K\u00e4sit.\/kodundus\/ tehnoloogiaM.Annula, K.Meos K\u00e4sit.\/kodundus\/ tehnoloogiaM.Annula, K.Meos \u00a0 \u00a0 Te MatemC.Karus, R.Olev, B.Jamnes, Mirell ViruC209, C309, C306, C121&hellip;","_links":{"self":[{"href":"https:\/\/infokiosk.kadrina-kool.edu.ee\/index.php?rest_route=\/wp\/v2\/pages\/3432","targetHints":{"allow":["GET"]}}],"collection":[{"href":"https:\/\/infokiosk.kadrina-kool.edu.ee\/index.php?rest_route=\/wp\/v2\/pages"}],"about":[{"href":"https:\/\/infokiosk.kadrina-kool.edu.ee\/index.php?rest_route=\/wp\/v2\/types\/page"}],"author":[{"embeddable":true,"href":"https:\/\/infokiosk.kadrina-kool.edu.ee\/index.php?rest_route=\/wp\/v2\/users\/3"}],"replies":[{"embeddable":true,"href":"https:\/\/infokiosk.kadrina-kool.edu.ee\/index.php?rest_route=%2Fwp%2Fv2%2Fcomments&post=3432"}],"version-history":[{"count":16,"href":"https:\/\/infokiosk.kadrina-kool.edu.ee\/index.php?rest_route=\/wp\/v2\/pages\/3432\/revisions"}],"predecessor-version":[{"id":3922,"href":"https:\/\/infokiosk.kadrina-kool.edu.ee\/index.php?rest_route=\/wp\/v2\/pages\/3432\/revisions\/3922"}],"wp:attachment":[{"href":"https:\/\/infokiosk.kadrina-kool.edu.ee\/index.php?rest_route=%2Fwp%2Fv2%2Fmedia&parent=3432"}],"curies":[{"name":"wp","href":"https:\/\/api.w.org\/{rel}","templated":true}]}}