{"id":3318,"date":"2025-09-01T10:08:58","date_gmt":"2025-09-01T07:08:58","guid":{"rendered":"https:\/\/infokiosk.kadrina-kool.edu.ee\/?page_id=3318"},"modified":"2026-01-19T11:02:14","modified_gmt":"2026-01-19T09:02:14","slug":"5-l","status":"publish","type":"page","link":"https:\/\/infokiosk.kadrina-kool.edu.ee\/?page_id=3318","title":{"rendered":"5.L"},"content":{"rendered":"\t\t<div data-elementor-type=\"wp-page\" data-elementor-id=\"3318\" class=\"elementor elementor-3318\">\n\t\t\t\t\t\t\t\t\t<section class=\"elementor-section elementor-top-section elementor-element elementor-element-b2c110e elementor-section-boxed elementor-section-height-default elementor-section-height-default\" data-id=\"b2c110e\" data-element_type=\"section\">\n\t\t\t\t\t\t<div class=\"elementor-container elementor-column-gap-default\">\n\t\t\t\t\t<div class=\"elementor-column elementor-col-100 elementor-top-column elementor-element elementor-element-d20d1e4\" data-id=\"d20d1e4\" data-element_type=\"column\">\n\t\t\t<div class=\"elementor-widget-wrap elementor-element-populated\">\n\t\t\t\t\t\t\t\t<div class=\"elementor-element elementor-element-57fc9be elementor-align-center elementor-widget elementor-widget-button\" data-id=\"57fc9be\" data-element_type=\"widget\" data-widget_type=\"button.default\">\n\t\t\t\t<div class=\"elementor-widget-container\">\n\t\t\t\t\t<div class=\"elementor-button-wrapper\">\n\t\t\t<a class=\"elementor-button elementor-button-link elementor-size-lg\" href=\"https:\/\/infokiosk.kadrina-kool.edu.ee\/\">\n\t\t\t\t\t\t<span class=\"elementor-button-content-wrapper\">\n\t\t\t\t\t\t<span class=\"elementor-button-icon elementor-align-icon-left\">\n\t\t\t\t<i aria-hidden=\"true\" class=\"fas fa-long-arrow-alt-left\"><\/i>\t\t\t<\/span>\n\t\t\t\t\t\t<span class=\"elementor-button-text\">TAGASI AVALEHELE<\/span>\n\t\t<\/span>\n\t\t\t\t\t<\/a>\n\t\t<\/div>\n\t\t\t\t<\/div>\n\t\t\t\t<\/div>\n\t\t\t\t\t<\/div>\n\t\t<\/div>\n\t\t\t\t\t\t\t<\/div>\n\t\t<\/section>\n\t\t\t\t<section class=\"elementor-section elementor-top-section elementor-element elementor-element-909bb22 elementor-section-boxed elementor-section-height-default elementor-section-height-default\" data-id=\"909bb22\" data-element_type=\"section\">\n\t\t\t\t\t\t<div class=\"elementor-container elementor-column-gap-default\">\n\t\t\t\t\t<div class=\"elementor-column elementor-col-100 elementor-top-column elementor-element elementor-element-b10e27e\" data-id=\"b10e27e\" data-element_type=\"column\">\n\t\t\t<div class=\"elementor-widget-wrap elementor-element-populated\">\n\t\t\t\t\t\t\t\t<div class=\"elementor-element elementor-element-c287a8f elementor-widget elementor-widget-text-editor\" data-id=\"c287a8f\" data-element_type=\"widget\" data-widget_type=\"text-editor.default\">\n\t\t\t\t<div class=\"elementor-widget-container\">\n\t\t\t<style>\/*! elementor - v3.18.0 - 20-12-2023 *\/\n.elementor-widget-text-editor.elementor-drop-cap-view-stacked .elementor-drop-cap{background-color:#69727d;color:#fff}.elementor-widget-text-editor.elementor-drop-cap-view-framed .elementor-drop-cap{color:#69727d;border:3px solid;background-color:transparent}.elementor-widget-text-editor:not(.elementor-drop-cap-view-default) .elementor-drop-cap{margin-top:8px}.elementor-widget-text-editor:not(.elementor-drop-cap-view-default) .elementor-drop-cap-letter{width:1em;height:1em}.elementor-widget-text-editor .elementor-drop-cap{float:left;text-align:center;line-height:1;font-size:50px}.elementor-widget-text-editor .elementor-drop-cap-letter{display:inline-block}<\/style>\t\t\t\t<table><tbody><tr><td>P\u00e4ev<\/td><td>1.<\/td><td>2.<\/td><td>3.<\/td><td>4.<\/td><td>5.<\/td><td>6.<\/td><td>7.<\/td><td>8.<\/td><\/tr><tr><td>Es<\/td><td>Loodus<br \/>M.K\u00e4rdla, K.Ambus<br \/>C308, C219<\/td><td>Inglise k<br \/>K.M\u00e4gi, K.King, S.Ojasalu<br \/>B113, C318, B216<\/td><td>Valikaine<br \/>H.Kala, K.K\u00fclmhallik, H.Valdmets<br \/>A1 A206, C313, sport, A2 A207<\/td><td>Ek \/ Kirj<br \/>M.K\u00e4rdla<br \/>C219<\/td><td>Eesti k<br \/>M.K\u00e4rdla<\/td><td>Matem<br \/>M.K\u00e4rdla, M.K\u00fctt, C.Karus, J.Sillaj\u00f5e, R.Olev<br \/>C309, C219, C209, C319, C217<\/td><td>\u00a0<\/td><td>\u00a0<\/td><\/tr><tr><td>Te<\/td><td>Keh.kasv<br \/>\u00dc.Kink, J.Holmberg<\/td><td>Keh.kasv<br \/>\u00dc.Kink, J.Holmberg<\/td><td>Ek \/ Kirj<br \/>M.K\u00e4rdla<br \/>C219<\/td><td>Eesti k<br \/>M.K\u00e4rdla<\/td><td>Inglise k<br \/>K.M\u00e4gi, K.King, S.Ojasalu<br \/>B113, C318, B216<\/td><td>Matem<br \/>M.K\u00e4rdla, M.K\u00fctt, C.Karus, J.Sillaj\u00f5e, R.Olev<br \/>C309, C219, C209, C319, C217<\/td><td>\u00a0<\/td><td>\u00a0<\/td><\/tr><tr><td>Ko<\/td><td>K\u00e4sit.\/kodundus\/ tehnoloogia<br \/>M.Annula, K.Meos<\/td><td>K\u00e4sit.\/kodundus\/ tehnoloogia<br \/>M.Annula, K.Meos<\/td><td>In.\u00f5p<br \/>M.K\u00e4rdla<br \/>C219<\/td><td>Ek \/ Kirj<br \/>M.K\u00e4rdla<br \/>C219<\/td><td>Matem<br \/>M.K\u00e4rdla<\/td><td>\u00a0<\/td><td>\u00a0<\/td><td>\u00a0<\/td><\/tr><tr><td>Ne<\/td><td>Kunst<br \/>H.Lahi<br \/>C116<\/td><td>Matem<br \/>M.K\u00e4rdla, M.K\u00fctt, C.Karus, J.Sillaj\u00f5e, R.Olev<br \/>C309, C219, C209, C319, C217<\/td><td>Loodus<br \/>M.K\u00e4rdla, K.Ambus<br \/>C308, C219<\/td><td>Ek \/ Kirj<br \/>M.K\u00e4rdla<br \/>C219<\/td><td>Muusika<br \/>T.Arro<br \/>Muusika 2<\/td><td>In.\u00f5p<br \/>M.Kalaus<br \/>C317<\/td><td>\u00a0<\/td><td>\u00a0<\/td><\/tr><tr><td>Re<\/td><td>Keh.kasv<br \/>\u00dc.Kink, J.Holmberg<\/td><td>Ek \/ Kirj<br \/>M.K\u00e4rdla<br \/>C219<\/td><td>Matem<br \/>M.K\u00e4rdla, M.K\u00fctt, C.Karus, J.Sillaj\u00f5e, R.Olev<br \/>C309, C219, C209, C319, C217<\/td><td>T\u00f6\u00f6\u00f5p<br \/>M.K\u00e4rdla<br \/>C219<\/td><td>T\u00f6\u00f6\u00f5p<br \/>M.K\u00e4rdla<br \/>C219<\/td><td>\u00a0<\/td><td>\u00a0<\/td><td>\u00a0<\/td><\/tr><\/tbody><\/table><p>\u00a0<\/p>\t\t\t\t\t\t<\/div>\n\t\t\t\t<\/div>\n\t\t\t\t\t<\/div>\n\t\t<\/div>\n\t\t\t\t\t\t\t<\/div>\n\t\t<\/section>\n\t\t\t\t\t\t\t<\/div>\n\t\t","protected":false},"excerpt":{"rendered":"<p>TAGASI AVALEHELE P\u00e4ev 1. 2. 3. 4. 5. 6. 7. 8. Es LoodusM.K\u00e4rdla, K.AmbusC308, C219 Inglise kK.M\u00e4gi, K.King, S.OjasaluB113, C318, B216 ValikaineH.Kala, K.K\u00fclmhallik, H.ValdmetsA1 A206, C313, sport, A2 A207 Ek \/ KirjM.K\u00e4rdlaC219 Eesti kM.K\u00e4rdla MatemM.K\u00e4rdla, M.K\u00fctt, C.Karus, J.Sillaj\u00f5e, R.OlevC309, C219, C209, C319, C217 \u00a0 \u00a0 Te Keh.kasv\u00dc.Kink, J.Holmberg Keh.kasv\u00dc.Kink, J.Holmberg Ek \/ KirjM.K\u00e4rdlaC219 Eesti kM.K\u00e4rdla &hellip;<\/p>\n<p class=\"read-more\"> <a class=\"\" href=\"https:\/\/infokiosk.kadrina-kool.edu.ee\/?page_id=3318\"> <span class=\"screen-reader-text\">5.L<\/span> Read More &raquo;<\/a><\/p>\n","protected":false},"author":3,"featured_media":0,"parent":0,"menu_order":0,"comment_status":"closed","ping_status":"closed","template":"","meta":{"_uag_custom_page_level_css":"","site-sidebar-layout":"no-sidebar","site-content-layout":"","ast-site-content-layout":"full-width-container","site-content-style":"default","site-sidebar-style":"default","ast-global-header-display":"","ast-banner-title-visibility":"","ast-main-header-display":"","ast-hfb-above-header-display":"","ast-hfb-below-header-display":"","ast-hfb-mobile-header-display":"","site-post-title":"disabled","ast-breadcrumbs-content":"","ast-featured-img":"disabled","footer-sml-layout":"","theme-transparent-header-meta":"","adv-header-id-meta":"","stick-header-meta":"","header-above-stick-meta":"","header-main-stick-meta":"","header-below-stick-meta":"","astra-migrate-meta-layouts":"","ast-page-background-enabled":"default","ast-page-background-meta":{"desktop":{"background-color":"var(--ast-global-color-4)","background-image":"","background-repeat":"repeat","background-position":"center center","background-size":"auto","background-attachment":"scroll","background-type":"","background-media":"","overlay-type":"","overlay-color":"","overlay-gradient":""},"tablet":{"background-color":"","background-image":"","background-repeat":"repeat","background-position":"center center","background-size":"auto","background-attachment":"scroll","background-type":"","background-media":"","overlay-type":"","overlay-color":"","overlay-gradient":""},"mobile":{"background-color":"","background-image":"","background-repeat":"repeat","background-position":"center center","background-size":"auto","background-attachment":"scroll","background-type":"","background-media":"","overlay-type":"","overlay-color":"","overlay-gradient":""}},"ast-content-background-meta":{"desktop":{"background-color":"var(--ast-global-color-5)","background-image":"","background-repeat":"repeat","background-position":"center center","background-size":"auto","background-attachment":"scroll","background-type":"","background-media":"","overlay-type":"","overlay-color":"","overlay-gradient":""},"tablet":{"background-color":"var(--ast-global-color-5)","background-image":"","background-repeat":"repeat","background-position":"center center","background-size":"auto","background-attachment":"scroll","background-type":"","background-media":"","overlay-type":"","overlay-color":"","overlay-gradient":""},"mobile":{"background-color":"var(--ast-global-color-5)","background-image":"","background-repeat":"repeat","background-position":"center center","background-size":"auto","background-attachment":"scroll","background-type":"","background-media":"","overlay-type":"","overlay-color":"","overlay-gradient":""}},"footnotes":""},"class_list":["post-3318","page","type-page","status-publish","hentry"],"uagb_featured_image_src":{"full":false,"thumbnail":false,"medium":false,"medium_large":false,"large":false,"1536x1536":false,"2048x2048":false},"uagb_author_info":{"display_name":"Martin","author_link":"https:\/\/infokiosk.kadrina-kool.edu.ee\/?author=3"},"uagb_comment_info":0,"uagb_excerpt":"TAGASI AVALEHELE P\u00e4ev 1. 2. 3. 4. 5. 6. 7. 8. Es LoodusM.K\u00e4rdla, K.AmbusC308, C219 Inglise kK.M\u00e4gi, K.King, S.OjasaluB113, C318, B216 ValikaineH.Kala, K.K\u00fclmhallik, H.ValdmetsA1 A206, C313, sport, A2 A207 Ek \/ KirjM.K\u00e4rdlaC219 Eesti kM.K\u00e4rdla MatemM.K\u00e4rdla, M.K\u00fctt, C.Karus, J.Sillaj\u00f5e, R.OlevC309, C219, C209, C319, C217 \u00a0 \u00a0 Te Keh.kasv\u00dc.Kink, J.Holmberg Keh.kasv\u00dc.Kink, J.Holmberg Ek \/ KirjM.K\u00e4rdlaC219 Eesti kM.K\u00e4rdla&hellip;","_links":{"self":[{"href":"https:\/\/infokiosk.kadrina-kool.edu.ee\/index.php?rest_route=\/wp\/v2\/pages\/3318","targetHints":{"allow":["GET"]}}],"collection":[{"href":"https:\/\/infokiosk.kadrina-kool.edu.ee\/index.php?rest_route=\/wp\/v2\/pages"}],"about":[{"href":"https:\/\/infokiosk.kadrina-kool.edu.ee\/index.php?rest_route=\/wp\/v2\/types\/page"}],"author":[{"embeddable":true,"href":"https:\/\/infokiosk.kadrina-kool.edu.ee\/index.php?rest_route=\/wp\/v2\/users\/3"}],"replies":[{"embeddable":true,"href":"https:\/\/infokiosk.kadrina-kool.edu.ee\/index.php?rest_route=%2Fwp%2Fv2%2Fcomments&post=3318"}],"version-history":[{"count":10,"href":"https:\/\/infokiosk.kadrina-kool.edu.ee\/index.php?rest_route=\/wp\/v2\/pages\/3318\/revisions"}],"predecessor-version":[{"id":3876,"href":"https:\/\/infokiosk.kadrina-kool.edu.ee\/index.php?rest_route=\/wp\/v2\/pages\/3318\/revisions\/3876"}],"wp:attachment":[{"href":"https:\/\/infokiosk.kadrina-kool.edu.ee\/index.php?rest_route=%2Fwp%2Fv2%2Fmedia&parent=3318"}],"curies":[{"name":"wp","href":"https:\/\/api.w.org\/{rel}","templated":true}]}}