{"id":1740,"date":"2023-09-29T12:19:23","date_gmt":"2023-09-29T09:19:23","guid":{"rendered":"https:\/\/infokiosk.kadrina-kool.edu.ee\/?page_id=1740"},"modified":"2026-01-19T11:25:20","modified_gmt":"2026-01-19T09:25:20","slug":"10-2","status":"publish","type":"page","link":"https:\/\/infokiosk.kadrina-kool.edu.ee\/?page_id=1740","title":{"rendered":"10"},"content":{"rendered":"\t\t<div data-elementor-type=\"wp-page\" data-elementor-id=\"1740\" class=\"elementor elementor-1740\">\n\t\t\t\t\t\t\t\t\t<section class=\"elementor-section elementor-top-section elementor-element elementor-element-36014b5 elementor-section-boxed elementor-section-height-default elementor-section-height-default\" data-id=\"36014b5\" data-element_type=\"section\">\n\t\t\t\t\t\t<div class=\"elementor-container elementor-column-gap-default\">\n\t\t\t\t\t<div class=\"elementor-column elementor-col-100 elementor-top-column elementor-element elementor-element-a2379c3\" data-id=\"a2379c3\" data-element_type=\"column\">\n\t\t\t<div class=\"elementor-widget-wrap elementor-element-populated\">\n\t\t\t\t\t\t\t\t<div class=\"elementor-element elementor-element-8c2b51e elementor-align-center elementor-widget elementor-widget-button\" data-id=\"8c2b51e\" data-element_type=\"widget\" data-widget_type=\"button.default\">\n\t\t\t\t<div class=\"elementor-widget-container\">\n\t\t\t\t\t<div class=\"elementor-button-wrapper\">\n\t\t\t<a class=\"elementor-button elementor-button-link elementor-size-lg\" href=\"https:\/\/infokiosk.kadrina-kool.edu.ee\/\">\n\t\t\t\t\t\t<span class=\"elementor-button-content-wrapper\">\n\t\t\t\t\t\t<span class=\"elementor-button-icon elementor-align-icon-left\">\n\t\t\t\t<i aria-hidden=\"true\" class=\"fas fa-long-arrow-alt-left\"><\/i>\t\t\t<\/span>\n\t\t\t\t\t\t<span class=\"elementor-button-text\">TAGASI AVALEHELE<\/span>\n\t\t<\/span>\n\t\t\t\t\t<\/a>\n\t\t<\/div>\n\t\t\t\t<\/div>\n\t\t\t\t<\/div>\n\t\t\t\t\t<\/div>\n\t\t<\/div>\n\t\t\t\t\t\t\t<\/div>\n\t\t<\/section>\n\t\t\t\t<section class=\"elementor-section elementor-top-section elementor-element elementor-element-788ccba6 elementor-section-boxed elementor-section-height-default elementor-section-height-default\" data-id=\"788ccba6\" data-element_type=\"section\">\n\t\t\t\t\t\t<div class=\"elementor-container elementor-column-gap-default\">\n\t\t\t\t\t<div class=\"elementor-column elementor-col-100 elementor-top-column elementor-element elementor-element-1f6c0301\" data-id=\"1f6c0301\" data-element_type=\"column\">\n\t\t\t<div class=\"elementor-widget-wrap elementor-element-populated\">\n\t\t\t\t\t\t\t\t<div class=\"elementor-element elementor-element-1bfcf347 elementor-widget elementor-widget-text-editor\" data-id=\"1bfcf347\" data-element_type=\"widget\" data-widget_type=\"text-editor.default\">\n\t\t\t\t<div class=\"elementor-widget-container\">\n\t\t\t<style>\/*! elementor - v3.18.0 - 20-12-2023 *\/\n.elementor-widget-text-editor.elementor-drop-cap-view-stacked .elementor-drop-cap{background-color:#69727d;color:#fff}.elementor-widget-text-editor.elementor-drop-cap-view-framed .elementor-drop-cap{color:#69727d;border:3px solid;background-color:transparent}.elementor-widget-text-editor:not(.elementor-drop-cap-view-default) .elementor-drop-cap{margin-top:8px}.elementor-widget-text-editor:not(.elementor-drop-cap-view-default) .elementor-drop-cap-letter{width:1em;height:1em}.elementor-widget-text-editor .elementor-drop-cap{float:left;text-align:center;line-height:1;font-size:50px}.elementor-widget-text-editor .elementor-drop-cap-letter{display:inline-block}<\/style>\t\t\t\t<h1>10HUSO<\/h1><table><tbody><tr><td>P\u00e4ev<\/td><td>1.<\/td><td>2.<\/td><td>3.<\/td><td>4.<\/td><td>5.<\/td><td>6.<\/td><td>7.<\/td><td>8.<\/td><td>9.<\/td><\/tr><tr><td rowspan=\"2\">Es<\/td><td rowspan=\"2\">Inglise k<br \/>R.Rohtaas, M.Sikk, E.Vahesaar<br \/>B109, B211, A205<\/td><td rowspan=\"2\">Eesti k<br \/>E.Abner, M.Lillem\u00e4gi<br \/>C210, C212<\/td><td>Muusika<br \/>Kadri Kask<br \/>Muusika 2<\/td><td rowspan=\"2\">VK \/ SK<br \/>J.Botskova, E.Saaren, L.Uusk\u00fcla, S.Soots<br \/>A103, B212, B110, C117<\/td><td rowspan=\"2\">Kirj<br \/>E.Abner, M.Lillem\u00e4gi<br \/>C210, C212<\/td><td rowspan=\"2\">Soome k<br \/>L.Uusk\u00fcla<br \/>B110<\/td><td rowspan=\"2\">Mult.meed<br \/>H.Valdmets<br \/>A3 A208<\/td><td rowspan=\"2\">\u00a0<\/td><td rowspan=\"2\">\u00a0<\/td><\/tr><tr><td>F\u00fc\u00fcs<br \/>M.Muravkina<br \/>C207<\/td><\/tr><tr><td rowspan=\"2\">Te<\/td><td rowspan=\"2\">Matem<br \/>M.Muravkina, M.Onton<br \/>C206, C207<\/td><td>F\u00fc\u00fcs<br \/>M.Muravkina<br \/>C207<\/td><td rowspan=\"2\">Tekst<br \/>E.Abner, M.Lillem\u00e4gi<br \/>C210<\/td><td rowspan=\"2\">Inglise k<br \/>R.Rohtaas, M.Sikk, E.Vahesaar<br \/>B109, B211, A205<\/td><td rowspan=\"2\">Inglise k<br \/>R.Rohtaas, M.Sikk, E.Vahesaar<br \/>B109, B211, A205<\/td><td rowspan=\"2\">Eesti k<br \/>E.Abner, M.Lillem\u00e4gi<br \/>C210, C212<\/td><td rowspan=\"2\">Matem<br \/>M.Muravkina, M.Onton<br \/>C206, C207<\/td><td rowspan=\"2\">Valik:koor<br \/>Kadri Kask<br \/>Muusika 2<\/td><td rowspan=\"2\">Valik:koor<br \/>Kadri Kask<br \/>Muusika 2<\/td><\/tr><tr><td>Muusika<br \/>Kadri Kask<br \/>Muusika 2<\/td><\/tr><tr><td rowspan=\"2\">Ko<\/td><td rowspan=\"2\">Matem<br \/>M.Muravkina, M.Onton<br \/>C206, C207<\/td><td rowspan=\"2\">Matem<br \/>M.Muravkina, M.Onton<br \/>C206, C207<\/td><td>Geo<br \/>K.Kasemets<br \/>C305<\/td><td>Kunst<br \/>H.Lahi<br \/>C116<\/td><td>F\u00fc\u00fcs<br \/>M.Muravkina<br \/>C207<\/td><td>\u00a0<\/td><td>\u00a0<\/td><td rowspan=\"2\">\u00a0<\/td><td rowspan=\"2\">\u00a0<\/td><\/tr><tr><td>Keemia<br \/>L.Leinmets<br \/>C303<\/td><td>Keemia<br \/>L.Leinmets<br \/>C303<\/td><td>Geo<br \/>K.Kasemets<br \/>C305<\/td><td>Keh.kasv<br \/>J.Holmberg<\/td><td>Keh.kasv<br \/>J.Holmberg<\/td><\/tr><tr><td rowspan=\"2\">Ne<\/td><td>Keemia<br \/>L.Leinmets<br \/>C303<\/td><td>Keemia<br \/>L.Leinmets<br \/>C303<\/td><td rowspan=\"2\">Matem<br \/>M.Muravkina, M.Onton<br \/>C206, C207<\/td><td rowspan=\"2\">Kirj<br \/>E.Abner, M.Lillem\u00e4gi<br \/>C210, C212<\/td><td rowspan=\"2\">Vene k<br \/>J.Botskova, E.Saaren, L.Uusk\u00fcla<br \/>A103, B212, B110<\/td><td rowspan=\"2\">Ajalugu<br \/>E.Tiiter, H.Laiv<br \/>C311, C313<\/td><td>Rahv.proj<br \/>M.Sikk<br \/>M C114<\/td><td>\u00a0<\/td><td rowspan=\"2\">\u00a0<\/td><\/tr><tr><td>Geo<br \/>K.Kasemets<br \/>C305<\/td><td>F\u00fc\u00fcs<br \/>M.Muravkina<br \/>C207<\/td><td>VEljl<\/td><td>VEljl<\/td><\/tr><tr><td>Re<\/td><td>Inglise k<br \/>R.Rohtaas, M.Sikk, E.Vahesaar<br \/>B109, B211, A205<\/td><td>Geo<br \/>K.Kasemets<br \/>C305<\/td><td>G\u00fcmn.info<br \/>E.Abner, M.Lillem\u00e4gi, S.Ojasalu, R.Rohtaas, A.M\u00fcnter, M.Lillepea, E.Tiiter<br \/>C210, C212, B216, B109, M C114, C315, C313<\/td><td>Ajalugu<br \/>E.Tiiter, H.Laiv<br \/>C311, C313<\/td><td>Kad.kul<br \/>E.Tiiter<br \/>C313<\/td><td>Valik:rahvat<br \/>E.Abner<\/td><td>Valik:rahvat<br \/>E.Abner<\/td><td>\u00a0<\/td><td>\u00a0<\/td><\/tr><\/tbody><\/table><h1>10INTE<\/h1><table><tbody><tr><td>P\u00e4ev<\/td><td>1.<\/td><td>2.<\/td><td>3.<\/td><td>4.<\/td><td>5.<\/td><td>6.<\/td><td>7.<\/td><td>8.<\/td><td>9.<\/td><\/tr><tr><td rowspan=\"2\">Es<\/td><td rowspan=\"2\">Inglise k<br \/>R.Rohtaas, M.Sikk, E.Vahesaar<br \/>B109, B211, A205<\/td><td rowspan=\"2\">Eesti k<br \/>E.Abner, M.Lillem\u00e4gi<br \/>C210, C212<\/td><td>Muusika<br \/>Kadri Kask<br \/>Muusika 2<\/td><td rowspan=\"2\">VK \/ SK<br \/>J.Botskova, E.Saaren, L.Uusk\u00fcla, S.Soots<br \/>A103, B212, B110, C117<\/td><td rowspan=\"2\">Kirj<br \/>E.Abner, M.Lillem\u00e4gi<br \/>C210, C212<\/td><td rowspan=\"2\">Joonest<br \/>H.Bremen<br \/>C206<\/td><td rowspan=\"2\">Keh.kasv<br \/>J.Rummi, \u00dc.Kink<\/td><td rowspan=\"2\">Keh.kasv<br \/>J.Rummi, \u00dc.Kink<\/td><td rowspan=\"2\">\u00a0<\/td><\/tr><tr><td>F\u00fc\u00fcs<br \/>M.Muravkina<br \/>C207<\/td><\/tr><tr><td rowspan=\"2\">Te<\/td><td rowspan=\"2\">Matem<br \/>M.Muravkina, M.Onton<br \/>C206, C207<\/td><td>F\u00fc\u00fcs<br \/>M.Muravkina<br \/>C207<\/td><td rowspan=\"2\">Tekst<br \/>E.Abner, M.Lillem\u00e4gi<br \/>C210<\/td><td rowspan=\"2\">Inglise k<br \/>R.Rohtaas, M.Sikk, E.Vahesaar<br \/>B109, B211, A205<\/td><td rowspan=\"2\">Inglise k<br \/>R.Rohtaas, M.Sikk, E.Vahesaar<br \/>B109, B211, A205<\/td><td rowspan=\"2\">Eesti k<br \/>E.Abner, M.Lillem\u00e4gi<br \/>C210, C212<\/td><td rowspan=\"2\">Matem<br \/>M.Muravkina, M.Onton<br \/>C206, C207<\/td><td rowspan=\"2\">\u00a0<\/td><td rowspan=\"2\">\u00a0<\/td><\/tr><tr><td>Muusika<br \/>Kadri Kask<br \/>Muusika 2<\/td><\/tr><tr><td rowspan=\"2\">Ko<\/td><td rowspan=\"2\">Matem<br \/>M.Muravkina, M.Onton<br \/>C206, C207<\/td><td rowspan=\"2\">Matem<br \/>M.Muravkina, M.Onton<br \/>C206, C207<\/td><td>Geo<br \/>K.Kasemets<br \/>C305<\/td><td>Kunst<br \/>H.Lahi<br \/>C116<\/td><td>F\u00fc\u00fcs<br \/>M.Muravkina<br \/>C207<\/td><td>\u00a0<\/td><td>\u00a0<\/td><td rowspan=\"2\">\u00a0<\/td><td rowspan=\"2\">\u00a0<\/td><\/tr><tr><td>Keemia<br \/>L.Leinmets<br \/>C303<\/td><td>Keemia<br \/>L.Leinmets<br \/>C303<\/td><td>Geo<br \/>K.Kasemets<br \/>C305<\/td><td>CAD<br \/>H.Bremen<br \/>ML A200<\/td><td>CAD<br \/>H.Bremen<br \/>ML A200<\/td><\/tr><tr><td rowspan=\"4\">Ne<\/td><td>Keemia<br \/>L.Leinmets<br \/>C303<\/td><td>Keemia<br \/>L.Leinmets<br \/>C303<\/td><td rowspan=\"4\">Matem<br \/>M.Muravkina, M.Onton<br \/>C206, C207<\/td><td rowspan=\"4\">Kirj<br \/>E.Abner, M.Lillem\u00e4gi<br \/>C210, C212<\/td><td rowspan=\"4\">Vene k<br \/>J.Botskova, E.Saaren, L.Uusk\u00fcla<br \/>A103, B212, B110<\/td><td rowspan=\"4\">Ajalugu<br \/>E.Tiiter, H.Laiv<br \/>C311, C313<\/td><td>Saksa k<br \/>S.Soots<br \/>C117<\/td><td>CAD<br \/>H.Bremen<br \/>ML A200<\/td><td rowspan=\"4\">\u00a0<\/td><\/tr><tr><td>Geo<br \/>K.Kasemets<br \/>C305<\/td><td>F\u00fc\u00fcs<br \/>M.Muravkina<br \/>C207<\/td><td>CAD<br \/>H.Bremen<br \/>ML A200<\/td><td>VEljl<\/td><\/tr><tr><td>\u00a0<\/td><td>\u00a0<\/td><td>Rahv.proj<br \/>M.Sikk<br \/>M C114<\/td><td>\u00a0<\/td><\/tr><tr><td>\u00a0<\/td><td>\u00a0<\/td><td>VEljl<\/td><td>\u00a0<\/td><\/tr><tr><td>Re<\/td><td>Inglise k<br \/>R.Rohtaas, M.Sikk, E.Vahesaar<br \/>B109, B211, A205<\/td><td>Geo<br \/>K.Kasemets<br \/>C305<\/td><td>G\u00fcmn.info<br \/>E.Abner, M.Lillem\u00e4gi, S.Ojasalu, R.Rohtaas, A.M\u00fcnter, M.Lillepea, E.Tiiter<br \/>C210, C212, B216, B109, M C114, C315, C313<\/td><td>Ajalugu<br \/>E.Tiiter, H.Laiv<br \/>C311, C313<\/td><td>Veeb.teh<br \/>H.Valdmets<br \/>A2 A207, A1 A206<\/td><td>Valik:rahvat<br \/>E.Abner<\/td><td>Valik:rahvat<br \/>E.Abner<\/td><td>\u00a0<\/td><td>\u00a0<\/td><\/tr><\/tbody><\/table><h1>10LOTE<\/h1><table><tbody><tr><td>P\u00e4ev<\/td><td>1.<\/td><td>2.<\/td><td>3.<\/td><td>4.<\/td><td>5.<\/td><td>6.<\/td><td>7.<\/td><td>8.<\/td><td>9.<\/td><\/tr><tr><td rowspan=\"2\">Es<\/td><td rowspan=\"2\">Inglise k<br \/>R.Rohtaas, M.Sikk, E.Vahesaar<br \/>B109, B211, A205<\/td><td rowspan=\"2\">Eesti k<br \/>E.Abner, M.Lillem\u00e4gi<br \/>C210, C212<\/td><td>Muusika<br \/>Kadri Kask<br \/>Muusika 2<\/td><td rowspan=\"2\">VK \/ SK<br \/>J.Botskova, E.Saaren, L.Uusk\u00fcla, S.Soots<br \/>A103, B212, B110, C117<\/td><td rowspan=\"2\">Kirj<br \/>E.Abner, M.Lillem\u00e4gi<br \/>C210, C212<\/td><td rowspan=\"2\">Mult.meed<br \/>H.Valdmets<br \/>A3 A208<\/td><td rowspan=\"2\">Keh.kasv<br \/>J.Rummi, \u00dc.Kink<\/td><td rowspan=\"2\">Keh.kasv<br \/>J.Rummi, \u00dc.Kink<\/td><td rowspan=\"2\">\u00a0<\/td><\/tr><tr><td>F\u00fc\u00fcs<br \/>M.Muravkina<br \/>C207<\/td><\/tr><tr><td rowspan=\"2\">Te<\/td><td rowspan=\"2\">Matem<br \/>M.Muravkina, M.Onton<br \/>C206, C207<\/td><td>F\u00fc\u00fcs<br \/>M.Muravkina<br \/>C207<\/td><td rowspan=\"2\">Tekst<br \/>E.Abner, M.Lillem\u00e4gi<br \/>C210<\/td><td rowspan=\"2\">Inglise k<br \/>R.Rohtaas, M.Sikk, E.Vahesaar<br \/>B109, B211, A205<\/td><td rowspan=\"2\">Inglise k<br \/>R.Rohtaas, M.Sikk, E.Vahesaar<br \/>B109, B211, A205<\/td><td rowspan=\"2\">Eesti k<br \/>E.Abner, M.Lillem\u00e4gi<br \/>C210, C212<\/td><td rowspan=\"2\">Matem<br \/>M.Muravkina, M.Onton<br \/>C206, C207<\/td><td rowspan=\"2\">Valik:koor<br \/>Kadri Kask<br \/>Muusika 2<\/td><td rowspan=\"2\">Valik:koor<br \/>Kadri Kask<br \/>Muusika 2<\/td><\/tr><tr><td>Muusika<br \/>Kadri Kask<br \/>Muusika 2<\/td><\/tr><tr><td rowspan=\"2\">Ko<\/td><td rowspan=\"2\">Matem<br \/>M.Muravkina, M.Onton<br \/>C206, C207<\/td><td rowspan=\"2\">Matem<br \/>M.Muravkina, M.Onton<br \/>C206, C207<\/td><td>Geo<br \/>K.Kasemets<br \/>C305<\/td><td>Kunst<br \/>H.Lahi<br \/>C116<\/td><td>F\u00fc\u00fcs<br \/>M.Muravkina<br \/>C207<\/td><td rowspan=\"2\">\u00a0<\/td><td rowspan=\"2\">TfK<br \/>S.Pung, A.M\u00fcnter<br \/>B112, C204<\/td><td rowspan=\"2\">TfK<br \/>S.Pung, A.M\u00fcnter<br \/>B112, C204<\/td><td rowspan=\"2\">\u00a0<\/td><\/tr><tr><td>Keemia<br \/>L.Leinmets<br \/>C303<\/td><td>Keemia<br \/>L.Leinmets<br \/>C303<\/td><td>Geo<br \/>K.Kasemets<br \/>C305<\/td><\/tr><tr><td rowspan=\"2\">Ne<\/td><td>Keemia<br \/>L.Leinmets<br \/>C303<\/td><td>Keemia<br \/>L.Leinmets<br \/>C303<\/td><td rowspan=\"2\">Matem<br \/>M.Muravkina, M.Onton<br \/>C206, C207<\/td><td rowspan=\"2\">Kirj<br \/>E.Abner, M.Lillem\u00e4gi<br \/>C210, C212<\/td><td rowspan=\"2\">Vene k<br \/>J.Botskova, E.Saaren, L.Uusk\u00fcla<br \/>A103, B212, B110<\/td><td rowspan=\"2\">Ajalugu<br \/>E.Tiiter, H.Laiv<br \/>C311, C313<\/td><td>Rahv.proj<br \/>M.Sikk<br \/>M C114<\/td><td>\u00a0<\/td><td rowspan=\"2\">\u00a0<\/td><\/tr><tr><td>Geo<br \/>K.Kasemets<br \/>C305<\/td><td>F\u00fc\u00fcs<br \/>M.Muravkina<br \/>C207<\/td><td>VEljl<\/td><td>VEljl<\/td><\/tr><tr><td>Re<\/td><td>Inglise k<br \/>R.Rohtaas, M.Sikk, E.Vahesaar<br \/>B109, B211, A205<\/td><td>Geo<br \/>K.Kasemets<br \/>C305<\/td><td>G\u00fcmn.info<br \/>E.Abner, M.Lillem\u00e4gi, S.Ojasalu, R.Rohtaas, A.M\u00fcnter, M.Lillepea, E.Tiiter<br \/>C210, C212, B216, B109, M C114, C315, C313<\/td><td>Ajalugu<br \/>E.Tiiter, H.Laiv<br \/>C311, C313<\/td><td>\u00a0<\/td><td>\u00a0<\/td><td>\u00a0<\/td><td>\u00a0<\/td><td>\u00a0<\/td><\/tr><\/tbody><\/table>\t\t\t\t\t\t<\/div>\n\t\t\t\t<\/div>\n\t\t\t\t\t<\/div>\n\t\t<\/div>\n\t\t\t\t\t\t\t<\/div>\n\t\t<\/section>\n\t\t\t\t<section class=\"elementor-section elementor-top-section elementor-element elementor-element-ca07005 elementor-section-boxed elementor-section-height-default elementor-section-height-default\" data-id=\"ca07005\" data-element_type=\"section\">\n\t\t\t\t\t\t<div class=\"elementor-container elementor-column-gap-default\">\n\t\t\t\t\t<div class=\"elementor-column elementor-col-100 elementor-top-column elementor-element elementor-element-f0e5c8f\" data-id=\"f0e5c8f\" data-element_type=\"column\">\n\t\t\t<div class=\"elementor-widget-wrap\">\n\t\t\t\t\t\t\t\t\t<\/div>\n\t\t<\/div>\n\t\t\t\t\t\t\t<\/div>\n\t\t<\/section>\n\t\t\t\t\t\t\t<\/div>\n\t\t","protected":false},"excerpt":{"rendered":"<p>TAGASI AVALEHELE 10HUSO P\u00e4ev 1. 2. 3. 4. 5. 6. 7. 8. 9. Es Inglise kR.Rohtaas, M.Sikk, E.VahesaarB109, B211, A205 Eesti kE.Abner, M.Lillem\u00e4giC210, C212 MuusikaKadri KaskMuusika 2 VK \/ SKJ.Botskova, E.Saaren, L.Uusk\u00fcla, S.SootsA103, B212, B110, C117 KirjE.Abner, M.Lillem\u00e4giC210, C212 Soome kL.Uusk\u00fclaB110 Mult.meedH.ValdmetsA3 A208 \u00a0 \u00a0 F\u00fc\u00fcsM.MuravkinaC207 Te MatemM.Muravkina, M.OntonC206, C207 F\u00fc\u00fcsM.MuravkinaC207 TekstE.Abner, M.Lillem\u00e4giC210 Inglise kR.Rohtaas, &hellip;<\/p>\n<p class=\"read-more\"> <a class=\"\" href=\"https:\/\/infokiosk.kadrina-kool.edu.ee\/?page_id=1740\"> <span class=\"screen-reader-text\">10<\/span> Read More &raquo;<\/a><\/p>\n","protected":false},"author":2,"featured_media":0,"parent":0,"menu_order":0,"comment_status":"closed","ping_status":"closed","template":"elementor_canvas","meta":{"_uag_custom_page_level_css":"","site-sidebar-layout":"default","site-content-layout":"","ast-site-content-layout":"","site-content-style":"default","site-sidebar-style":"default","ast-global-header-display":"","ast-banner-title-visibility":"","ast-main-header-display":"","ast-hfb-above-header-display":"","ast-hfb-below-header-display":"","ast-hfb-mobile-header-display":"","site-post-title":"","ast-breadcrumbs-content":"","ast-featured-img":"","footer-sml-layout":"","theme-transparent-header-meta":"","adv-header-id-meta":"","stick-header-meta":"","header-above-stick-meta":"","header-main-stick-meta":"","header-below-stick-meta":"","astra-migrate-meta-layouts":"","ast-page-background-enabled":"default","ast-page-background-meta":{"desktop":{"background-color":"var(--ast-global-color-4)","background-image":"","background-repeat":"repeat","background-position":"center center","background-size":"auto","background-attachment":"scroll","background-type":"","background-media":"","overlay-type":"","overlay-color":"","overlay-gradient":""},"tablet":{"background-color":"","background-image":"","background-repeat":"repeat","background-position":"center center","background-size":"auto","background-attachment":"scroll","background-type":"","background-media":"","overlay-type":"","overlay-color":"","overlay-gradient":""},"mobile":{"background-color":"","background-image":"","background-repeat":"repeat","background-position":"center center","background-size":"auto","background-attachment":"scroll","background-type":"","background-media":"","overlay-type":"","overlay-color":"","overlay-gradient":""}},"ast-content-background-meta":{"desktop":{"background-color":"var(--ast-global-color-5)","background-image":"","background-repeat":"repeat","background-position":"center center","background-size":"auto","background-attachment":"scroll","background-type":"","background-media":"","overlay-type":"","overlay-color":"","overlay-gradient":""},"tablet":{"background-color":"var(--ast-global-color-5)","background-image":"","background-repeat":"repeat","background-position":"center center","background-size":"auto","background-attachment":"scroll","background-type":"","background-media":"","overlay-type":"","overlay-color":"","overlay-gradient":""},"mobile":{"background-color":"var(--ast-global-color-5)","background-image":"","background-repeat":"repeat","background-position":"center center","background-size":"auto","background-attachment":"scroll","background-type":"","background-media":"","overlay-type":"","overlay-color":"","overlay-gradient":""}},"footnotes":""},"class_list":["post-1740","page","type-page","status-publish","hentry"],"uagb_featured_image_src":{"full":false,"thumbnail":false,"medium":false,"medium_large":false,"large":false,"1536x1536":false,"2048x2048":false},"uagb_author_info":{"display_name":"Helen Vagen","author_link":"https:\/\/infokiosk.kadrina-kool.edu.ee\/?author=2"},"uagb_comment_info":0,"uagb_excerpt":"TAGASI AVALEHELE 10HUSO P\u00e4ev 1. 2. 3. 4. 5. 6. 7. 8. 9. Es Inglise kR.Rohtaas, M.Sikk, E.VahesaarB109, B211, A205 Eesti kE.Abner, M.Lillem\u00e4giC210, C212 MuusikaKadri KaskMuusika 2 VK \/ SKJ.Botskova, E.Saaren, L.Uusk\u00fcla, S.SootsA103, B212, B110, C117 KirjE.Abner, M.Lillem\u00e4giC210, C212 Soome kL.Uusk\u00fclaB110 Mult.meedH.ValdmetsA3 A208 \u00a0 \u00a0 F\u00fc\u00fcsM.MuravkinaC207 Te MatemM.Muravkina, M.OntonC206, C207 F\u00fc\u00fcsM.MuravkinaC207 TekstE.Abner, M.Lillem\u00e4giC210 Inglise kR.Rohtaas,&hellip;","_links":{"self":[{"href":"https:\/\/infokiosk.kadrina-kool.edu.ee\/index.php?rest_route=\/wp\/v2\/pages\/1740","targetHints":{"allow":["GET"]}}],"collection":[{"href":"https:\/\/infokiosk.kadrina-kool.edu.ee\/index.php?rest_route=\/wp\/v2\/pages"}],"about":[{"href":"https:\/\/infokiosk.kadrina-kool.edu.ee\/index.php?rest_route=\/wp\/v2\/types\/page"}],"author":[{"embeddable":true,"href":"https:\/\/infokiosk.kadrina-kool.edu.ee\/index.php?rest_route=\/wp\/v2\/users\/2"}],"replies":[{"embeddable":true,"href":"https:\/\/infokiosk.kadrina-kool.edu.ee\/index.php?rest_route=%2Fwp%2Fv2%2Fcomments&post=1740"}],"version-history":[{"count":37,"href":"https:\/\/infokiosk.kadrina-kool.edu.ee\/index.php?rest_route=\/wp\/v2\/pages\/1740\/revisions"}],"predecessor-version":[{"id":3928,"href":"https:\/\/infokiosk.kadrina-kool.edu.ee\/index.php?rest_route=\/wp\/v2\/pages\/1740\/revisions\/3928"}],"wp:attachment":[{"href":"https:\/\/infokiosk.kadrina-kool.edu.ee\/index.php?rest_route=%2Fwp%2Fv2%2Fmedia&parent=1740"}],"curies":[{"name":"wp","href":"https:\/\/api.w.org\/{rel}","templated":true}]}}