{"id":1732,"date":"2023-09-29T12:17:03","date_gmt":"2023-09-29T09:17:03","guid":{"rendered":"https:\/\/infokiosk.kadrina-kool.edu.ee\/?page_id=1732"},"modified":"2026-01-19T11:18:33","modified_gmt":"2026-01-19T09:18:33","slug":"9-a","status":"publish","type":"page","link":"https:\/\/infokiosk.kadrina-kool.edu.ee\/?page_id=1732","title":{"rendered":"9.A"},"content":{"rendered":"\t\t<div data-elementor-type=\"wp-page\" data-elementor-id=\"1732\" class=\"elementor elementor-1732\">\n\t\t\t\t\t\t\t\t\t<section class=\"elementor-section elementor-top-section elementor-element elementor-element-6c24403 elementor-section-boxed elementor-section-height-default elementor-section-height-default\" data-id=\"6c24403\" data-element_type=\"section\">\n\t\t\t\t\t\t<div class=\"elementor-container elementor-column-gap-default\">\n\t\t\t\t\t<div class=\"elementor-column elementor-col-100 elementor-top-column elementor-element elementor-element-5de300e\" data-id=\"5de300e\" data-element_type=\"column\">\n\t\t\t<div class=\"elementor-widget-wrap elementor-element-populated\">\n\t\t\t\t\t\t\t\t<div class=\"elementor-element elementor-element-79007f5 elementor-align-center elementor-widget elementor-widget-button\" data-id=\"79007f5\" data-element_type=\"widget\" data-widget_type=\"button.default\">\n\t\t\t\t<div class=\"elementor-widget-container\">\n\t\t\t\t\t<div class=\"elementor-button-wrapper\">\n\t\t\t<a class=\"elementor-button elementor-button-link elementor-size-lg\" href=\"https:\/\/infokiosk.kadrina-kool.edu.ee\/\">\n\t\t\t\t\t\t<span class=\"elementor-button-content-wrapper\">\n\t\t\t\t\t\t<span class=\"elementor-button-icon elementor-align-icon-left\">\n\t\t\t\t<i aria-hidden=\"true\" class=\"fas fa-long-arrow-alt-left\"><\/i>\t\t\t<\/span>\n\t\t\t\t\t\t<span class=\"elementor-button-text\">TAGASI AVALEHELE<\/span>\n\t\t<\/span>\n\t\t\t\t\t<\/a>\n\t\t<\/div>\n\t\t\t\t<\/div>\n\t\t\t\t<\/div>\n\t\t\t\t\t<\/div>\n\t\t<\/div>\n\t\t\t\t\t\t\t<\/div>\n\t\t<\/section>\n\t\t\t\t<section class=\"elementor-section elementor-top-section elementor-element elementor-element-70f91593 elementor-section-boxed elementor-section-height-default elementor-section-height-default\" data-id=\"70f91593\" data-element_type=\"section\">\n\t\t\t\t\t\t<div class=\"elementor-container elementor-column-gap-default\">\n\t\t\t\t\t<div class=\"elementor-column elementor-col-100 elementor-top-column elementor-element elementor-element-37edf240\" data-id=\"37edf240\" data-element_type=\"column\">\n\t\t\t<div class=\"elementor-widget-wrap elementor-element-populated\">\n\t\t\t\t\t\t\t\t<div class=\"elementor-element elementor-element-66025a96 elementor-widget elementor-widget-text-editor\" data-id=\"66025a96\" data-element_type=\"widget\" data-widget_type=\"text-editor.default\">\n\t\t\t\t<div class=\"elementor-widget-container\">\n\t\t\t<style>\/*! elementor - v3.18.0 - 20-12-2023 *\/\n.elementor-widget-text-editor.elementor-drop-cap-view-stacked .elementor-drop-cap{background-color:#69727d;color:#fff}.elementor-widget-text-editor.elementor-drop-cap-view-framed .elementor-drop-cap{color:#69727d;border:3px solid;background-color:transparent}.elementor-widget-text-editor:not(.elementor-drop-cap-view-default) .elementor-drop-cap{margin-top:8px}.elementor-widget-text-editor:not(.elementor-drop-cap-view-default) .elementor-drop-cap-letter{width:1em;height:1em}.elementor-widget-text-editor .elementor-drop-cap{float:left;text-align:center;line-height:1;font-size:50px}.elementor-widget-text-editor .elementor-drop-cap-letter{display:inline-block}<\/style>\t\t\t\t<table><tbody><tr><td>P\u00e4ev<\/td><td>1.<\/td><td>2.<\/td><td>3.<\/td><td>4.<\/td><td>5.<\/td><td>6.<\/td><td>7.<\/td><td>8.<\/td><\/tr><tr><td>Es<\/td><td>VK \/ SK<br \/>J.Botskova, E.Saaren, L.Uusk\u00fcla, S.Soots<br \/>A103, B212, B110, C117<\/td><td>Ajalugu<br \/>H.Laiv, M.Lillepea<br \/>C311<\/td><td>Ev<br \/>E.Abner, M.Lillem\u00e4gi, M.F\u00e4elmann, B.Jamnes, C.Karus, R.Olev, Mirell Viru<br \/>C210<\/td><td>Matem<br \/>C.Karus, R.Olev, B.Jamnes, Mirell Viru<br \/>C209, C309, C306, C121<\/td><td>Muusika<br \/>Kadri Kask<br \/>Muusika 2<\/td><td>\u00dchiskond<br \/>H.Laiv, M.Lillepea<br \/>C315<\/td><td>Geo<br \/>K.Kasemets<br \/>C305<\/td><td>\u00a0<\/td><\/tr><tr><td rowspan=\"2\">Te<\/td><td rowspan=\"2\">Matem<br \/>C.Karus, R.Olev, B.Jamnes, Mirell Viru<br \/>C209, C309, C306, C121<\/td><td rowspan=\"2\">Eesti k\/ Matem<br \/>M.Lillem\u00e4gi, E.Abner, M.F\u00e4elmann, C.Karus<br \/>C210, C212, C216, C309<\/td><td>Keh.kasv<br \/>\u00dc.Kink, J.Rummi<\/td><td>Keh.kasv<br \/>\u00dc.Kink, J.Rummi<\/td><td rowspan=\"2\">VK \/ SK<br \/>J.Botskova, E.Saaren, L.Uusk\u00fcla, S.Soots<br \/>A103, B212, B110, C117<\/td><td rowspan=\"2\">Inglise k<br \/>K.King, K.M\u00e4gi, M.Sikk, E.Vahesaar<br \/>B113, C318, B211, A205<\/td><td rowspan=\"2\">Kirj\/ Matem<br \/>M.Lillem\u00e4gi, E.Abner, M.F\u00e4elmann, C.Karus<br \/>C210, C212, C216, C309<\/td><td rowspan=\"2\">\u00a0<\/td><\/tr><tr><td>Keh.kasv<br \/>\u00dc.Kink, J.Rummi<\/td><td>Keh.kasv<br \/>\u00dc.Kink, J.Rummi<\/td><\/tr><tr><td>Ko<\/td><td>Matem<br \/>C.Karus, R.Olev, B.Jamnes, Mirell Viru<br \/>C209, C309, C306, C121<\/td><td>Inglise k<br \/>K.King, K.M\u00e4gi, M.Sikk, E.Vahesaar<br \/>B113, C318, B211, A205<\/td><td>Ajalugu<br \/>H.Laiv, M.Lillepea<br \/>C311<\/td><td>\u00dchiskond<br \/>H.Laiv, M.Lillepea<br \/>C311<\/td><td>F\u00fc\u00fcs<br \/>A.M\u00fcnter<br \/>C204<\/td><td>F\u00fc\u00fcs<br \/>A.M\u00fcnter<br \/>C204<\/td><td>Keemia<br \/>L.Leinmets<br \/>C303<\/td><td>\u00a0<\/td><\/tr><tr><td>Ne<\/td><td>Bio<br \/>M.P\u00f5der<br \/>C214<\/td><td>VK \/ SK<br \/>J.Botskova, E.Saaren, L.Uusk\u00fcla, S.Soots<br \/>A103, B212, B110, C117<\/td><td>Keemia<br \/>L.Leinmets<br \/>C303<\/td><td>Matem<br \/>C.Karus, R.Olev, B.Jamnes, Mirell Viru<br \/>C209, C309, C306, C121<\/td><td>Kunst<br \/>H.Lahi<br \/>C116<\/td><td>Eesti k\/ Matem<br \/>M.Lillem\u00e4gi, E.Abner, M.F\u00e4elmann, C.Karus<br \/>C210, C212, C216, C309<\/td><td>Kirj\/ Matem<br \/>M.Lillem\u00e4gi, E.Abner, M.F\u00e4elmann, C.Karus<br \/>C210, C212, C216, C309<\/td><td>\u00a0<\/td><\/tr><tr><td>Re<\/td><td>Matem<br \/>C.Karus, R.Olev, B.Jamnes, Mirell Viru<br \/>C209, C309, C306, C121<\/td><td>Inglise k<br \/>K.King, K.M\u00e4gi, M.Sikk, E.Vahesaar<br \/>B113, C318, B211, A205<\/td><td>Kunst<br \/>H.Lahi<br \/>C116<\/td><td>Bio<br \/>M.P\u00f5der<br \/>C214<\/td><td>\u00a0<\/td><td>\u00a0<\/td><td>\u00a0<\/td><td>\u00a0<\/td><\/tr><\/tbody><\/table><p>\u00a0<\/p>\t\t\t\t\t\t<\/div>\n\t\t\t\t<\/div>\n\t\t\t\t\t<\/div>\n\t\t<\/div>\n\t\t\t\t\t\t\t<\/div>\n\t\t<\/section>\n\t\t\t\t\t\t\t<\/div>\n\t\t","protected":false},"excerpt":{"rendered":"<p>TAGASI AVALEHELE P\u00e4ev 1. 2. 3. 4. 5. 6. 7. 8. Es VK \/ SKJ.Botskova, E.Saaren, L.Uusk\u00fcla, S.SootsA103, B212, B110, C117 AjaluguH.Laiv, M.LillepeaC311 EvE.Abner, M.Lillem\u00e4gi, M.F\u00e4elmann, B.Jamnes, C.Karus, R.Olev, Mirell ViruC210 MatemC.Karus, R.Olev, B.Jamnes, Mirell ViruC209, C309, C306, C121 MuusikaKadri KaskMuusika 2 \u00dchiskondH.Laiv, M.LillepeaC315 GeoK.KasemetsC305 \u00a0 Te MatemC.Karus, R.Olev, B.Jamnes, Mirell ViruC209, C309, C306, C121 &hellip;<\/p>\n<p class=\"read-more\"> <a class=\"\" href=\"https:\/\/infokiosk.kadrina-kool.edu.ee\/?page_id=1732\"> <span class=\"screen-reader-text\">9.A<\/span> Read More &raquo;<\/a><\/p>\n","protected":false},"author":2,"featured_media":0,"parent":0,"menu_order":0,"comment_status":"closed","ping_status":"closed","template":"elementor_canvas","meta":{"_uag_custom_page_level_css":"","site-sidebar-layout":"default","site-content-layout":"","ast-site-content-layout":"","site-content-style":"default","site-sidebar-style":"default","ast-global-header-display":"","ast-banner-title-visibility":"","ast-main-header-display":"","ast-hfb-above-header-display":"","ast-hfb-below-header-display":"","ast-hfb-mobile-header-display":"","site-post-title":"","ast-breadcrumbs-content":"","ast-featured-img":"","footer-sml-layout":"","theme-transparent-header-meta":"","adv-header-id-meta":"","stick-header-meta":"","header-above-stick-meta":"","header-main-stick-meta":"","header-below-stick-meta":"","astra-migrate-meta-layouts":"","ast-page-background-enabled":"default","ast-page-background-meta":{"desktop":{"background-color":"var(--ast-global-color-4)","background-image":"","background-repeat":"repeat","background-position":"center center","background-size":"auto","background-attachment":"scroll","background-type":"","background-media":"","overlay-type":"","overlay-color":"","overlay-gradient":""},"tablet":{"background-color":"","background-image":"","background-repeat":"repeat","background-position":"center center","background-size":"auto","background-attachment":"scroll","background-type":"","background-media":"","overlay-type":"","overlay-color":"","overlay-gradient":""},"mobile":{"background-color":"","background-image":"","background-repeat":"repeat","background-position":"center center","background-size":"auto","background-attachment":"scroll","background-type":"","background-media":"","overlay-type":"","overlay-color":"","overlay-gradient":""}},"ast-content-background-meta":{"desktop":{"background-color":"var(--ast-global-color-5)","background-image":"","background-repeat":"repeat","background-position":"center center","background-size":"auto","background-attachment":"scroll","background-type":"","background-media":"","overlay-type":"","overlay-color":"","overlay-gradient":""},"tablet":{"background-color":"var(--ast-global-color-5)","background-image":"","background-repeat":"repeat","background-position":"center center","background-size":"auto","background-attachment":"scroll","background-type":"","background-media":"","overlay-type":"","overlay-color":"","overlay-gradient":""},"mobile":{"background-color":"var(--ast-global-color-5)","background-image":"","background-repeat":"repeat","background-position":"center center","background-size":"auto","background-attachment":"scroll","background-type":"","background-media":"","overlay-type":"","overlay-color":"","overlay-gradient":""}},"footnotes":""},"class_list":["post-1732","page","type-page","status-publish","hentry"],"uagb_featured_image_src":{"full":false,"thumbnail":false,"medium":false,"medium_large":false,"large":false,"1536x1536":false,"2048x2048":false},"uagb_author_info":{"display_name":"Helen Vagen","author_link":"https:\/\/infokiosk.kadrina-kool.edu.ee\/?author=2"},"uagb_comment_info":0,"uagb_excerpt":"TAGASI AVALEHELE P\u00e4ev 1. 2. 3. 4. 5. 6. 7. 8. Es VK \/ SKJ.Botskova, E.Saaren, L.Uusk\u00fcla, S.SootsA103, B212, B110, C117 AjaluguH.Laiv, M.LillepeaC311 EvE.Abner, M.Lillem\u00e4gi, M.F\u00e4elmann, B.Jamnes, C.Karus, R.Olev, Mirell ViruC210 MatemC.Karus, R.Olev, B.Jamnes, Mirell ViruC209, C309, C306, C121 MuusikaKadri KaskMuusika 2 \u00dchiskondH.Laiv, M.LillepeaC315 GeoK.KasemetsC305 \u00a0 Te MatemC.Karus, R.Olev, B.Jamnes, Mirell ViruC209, C309, C306, C121&hellip;","_links":{"self":[{"href":"https:\/\/infokiosk.kadrina-kool.edu.ee\/index.php?rest_route=\/wp\/v2\/pages\/1732","targetHints":{"allow":["GET"]}}],"collection":[{"href":"https:\/\/infokiosk.kadrina-kool.edu.ee\/index.php?rest_route=\/wp\/v2\/pages"}],"about":[{"href":"https:\/\/infokiosk.kadrina-kool.edu.ee\/index.php?rest_route=\/wp\/v2\/types\/page"}],"author":[{"embeddable":true,"href":"https:\/\/infokiosk.kadrina-kool.edu.ee\/index.php?rest_route=\/wp\/v2\/users\/2"}],"replies":[{"embeddable":true,"href":"https:\/\/infokiosk.kadrina-kool.edu.ee\/index.php?rest_route=%2Fwp%2Fv2%2Fcomments&post=1732"}],"version-history":[{"count":40,"href":"https:\/\/infokiosk.kadrina-kool.edu.ee\/index.php?rest_route=\/wp\/v2\/pages\/1732\/revisions"}],"predecessor-version":[{"id":3910,"href":"https:\/\/infokiosk.kadrina-kool.edu.ee\/index.php?rest_route=\/wp\/v2\/pages\/1732\/revisions\/3910"}],"wp:attachment":[{"href":"https:\/\/infokiosk.kadrina-kool.edu.ee\/index.php?rest_route=%2Fwp%2Fv2%2Fmedia&parent=1732"}],"curies":[{"name":"wp","href":"https:\/\/api.w.org\/{rel}","templated":true}]}}