{"id":1724,"date":"2023-09-29T12:13:54","date_gmt":"2023-09-29T09:13:54","guid":{"rendered":"https:\/\/infokiosk.kadrina-kool.edu.ee\/?page_id=1724"},"modified":"2026-01-19T11:15:16","modified_gmt":"2026-01-19T09:15:16","slug":"8-a","status":"publish","type":"page","link":"https:\/\/infokiosk.kadrina-kool.edu.ee\/?page_id=1724","title":{"rendered":"8.A"},"content":{"rendered":"\t\t<div data-elementor-type=\"wp-page\" data-elementor-id=\"1724\" class=\"elementor elementor-1724\">\n\t\t\t\t\t\t\t\t\t<section class=\"elementor-section elementor-top-section elementor-element elementor-element-8fd12f8 elementor-section-boxed elementor-section-height-default elementor-section-height-default\" data-id=\"8fd12f8\" data-element_type=\"section\">\n\t\t\t\t\t\t<div class=\"elementor-container elementor-column-gap-default\">\n\t\t\t\t\t<div class=\"elementor-column elementor-col-100 elementor-top-column elementor-element elementor-element-08c3625\" data-id=\"08c3625\" data-element_type=\"column\">\n\t\t\t<div class=\"elementor-widget-wrap elementor-element-populated\">\n\t\t\t\t\t\t\t\t<div class=\"elementor-element elementor-element-efebd3c elementor-align-center elementor-widget elementor-widget-button\" data-id=\"efebd3c\" data-element_type=\"widget\" data-widget_type=\"button.default\">\n\t\t\t\t<div class=\"elementor-widget-container\">\n\t\t\t\t\t<div class=\"elementor-button-wrapper\">\n\t\t\t<a class=\"elementor-button elementor-button-link elementor-size-lg\" href=\"https:\/\/infokiosk.kadrina-kool.edu.ee\/\">\n\t\t\t\t\t\t<span class=\"elementor-button-content-wrapper\">\n\t\t\t\t\t\t<span class=\"elementor-button-icon elementor-align-icon-left\">\n\t\t\t\t<i aria-hidden=\"true\" class=\"fas fa-long-arrow-alt-left\"><\/i>\t\t\t<\/span>\n\t\t\t\t\t\t<span class=\"elementor-button-text\">TAGASI AVALEHELE<\/span>\n\t\t<\/span>\n\t\t\t\t\t<\/a>\n\t\t<\/div>\n\t\t\t\t<\/div>\n\t\t\t\t<\/div>\n\t\t\t\t\t<\/div>\n\t\t<\/div>\n\t\t\t\t\t\t\t<\/div>\n\t\t<\/section>\n\t\t\t\t<section class=\"elementor-section elementor-top-section elementor-element elementor-element-3ffd646a elementor-section-boxed elementor-section-height-default elementor-section-height-default\" data-id=\"3ffd646a\" data-element_type=\"section\">\n\t\t\t\t\t\t<div class=\"elementor-container elementor-column-gap-default\">\n\t\t\t\t\t<div class=\"elementor-column elementor-col-100 elementor-top-column elementor-element elementor-element-439fd038\" data-id=\"439fd038\" data-element_type=\"column\">\n\t\t\t<div class=\"elementor-widget-wrap elementor-element-populated\">\n\t\t\t\t\t\t\t\t<div class=\"elementor-element elementor-element-7415591f elementor-widget elementor-widget-text-editor\" data-id=\"7415591f\" data-element_type=\"widget\" data-widget_type=\"text-editor.default\">\n\t\t\t\t<div class=\"elementor-widget-container\">\n\t\t\t<style>\/*! elementor - v3.18.0 - 20-12-2023 *\/\n.elementor-widget-text-editor.elementor-drop-cap-view-stacked .elementor-drop-cap{background-color:#69727d;color:#fff}.elementor-widget-text-editor.elementor-drop-cap-view-framed .elementor-drop-cap{color:#69727d;border:3px solid;background-color:transparent}.elementor-widget-text-editor:not(.elementor-drop-cap-view-default) .elementor-drop-cap{margin-top:8px}.elementor-widget-text-editor:not(.elementor-drop-cap-view-default) .elementor-drop-cap-letter{width:1em;height:1em}.elementor-widget-text-editor .elementor-drop-cap{float:left;text-align:center;line-height:1;font-size:50px}.elementor-widget-text-editor .elementor-drop-cap-letter{display:inline-block}<\/style>\t\t\t\t<table><tbody><tr><td>P\u00e4ev<\/td><td>1.<\/td><td>2.<\/td><td>3.<\/td><td>4.<\/td><td>5.<\/td><td>6.<\/td><td>7.<\/td><td>8.<\/td><\/tr><tr><td>Es<\/td><td>\u00d5pitee<br \/>R.Rohula<br \/>A1 A206, A2 A207<\/td><td>VK \/ SK<br \/>J.Botskova, E.Saaren, S.Soots<br \/>A103, B212, C117<\/td><td>F\u00fc\u00fcs<br \/>V.Kalind<br \/>C204<\/td><td>Eesti k<br \/>L.Pruul<br \/>C123<\/td><td>Kunst<br \/>H.Lahi<br \/>C116<\/td><td>Matem<br \/>M.K\u00e4rdla, M.K\u00fctt, C.Karus, J.Sillaj\u00f5e, R.Olev<br \/>C309, C219, C209, C319, C217<\/td><td>Kirj<br \/>L.Pruul<br \/>C123<\/td><td>\u00a0<\/td><\/tr><tr><td>Te<\/td><td>Eesti k<br \/>L.Pruul<br \/>C123<\/td><td>Keemia<br \/>L.Leinmets<br \/>C303<\/td><td>VK \/ SK<br \/>J.Botskova, E.Saaren, S.Soots<br \/>A103, B212, C117<\/td><td>Ajalugu<br \/>M.Lillepea<br \/>C315<\/td><td>Geo<br \/>K.Ambus<br \/>C308<\/td><td>Matem<br \/>M.K\u00e4rdla, M.K\u00fctt, C.Karus, J.Sillaj\u00f5e, R.Olev<br \/>C309, C219, C209, C319, C217<\/td><td>Inglise k<br \/>K.King, R.Rohtaas, E.Vahesaar<br \/>B113, B109, A205<\/td><td>\u00a0<\/td><\/tr><tr><td rowspan=\"2\">Ko<\/td><td rowspan=\"2\">Inglise k<br \/>K.King, R.Rohtaas, E.Vahesaar<br \/>B113, B109, A205<\/td><td rowspan=\"2\">Kirj<br \/>L.Pruul<br \/>C123<\/td><td rowspan=\"2\">Muusika<br \/>R.Rohula<br \/>Muusika 2<\/td><td rowspan=\"2\">Bio<br \/>S.Pung<br \/>B112<\/td><td rowspan=\"2\">Ajalugu<br \/>M.Lillepea<br \/>C315<\/td><td>Keh.kasv<br \/>\u00dc.Kink, J.Rummi<\/td><td>Keh.kasv<br \/>\u00dc.Kink, J.Rummi<\/td><td rowspan=\"2\">\u00a0<\/td><\/tr><tr><td>Keh.kasv<br \/>\u00dc.Kink, J.Rummi<\/td><td>Keh.kasv<br \/>\u00dc.Kink, J.Rummi<\/td><\/tr><tr><td>Ne<\/td><td>F\u00fc\u00fcs<br \/>V.Kalind<br \/>C204<\/td><td>Matem<br \/>M.K\u00e4rdla, M.K\u00fctt, C.Karus, J.Sillaj\u00f5e, R.Olev<br \/>C309, C219, C209, C319, C217<\/td><td>VK \/ SK<br \/>J.Botskova, E.Saaren, S.Soots<br \/>A103, B212, C117<\/td><td>K\u00e4sit.\/kodundus\/ tehnoloogia<br \/>M.Annula, K.Meos<\/td><td>K\u00e4sit.\/kodundus\/ tehnoloogia<br \/>M.Annula, K.Meos<\/td><td>Inglise k<br \/>K.King, R.Rohtaas, E.Vahesaar<br \/>B113, B109, A205<\/td><td>\u00a0<\/td><td>\u00a0<\/td><\/tr><tr><td>Re<\/td><td>Keemia<br \/>L.Leinmets<br \/>C303<\/td><td>Bio<br \/>S.Pung<br \/>B112<\/td><td>Matem<br \/>M.K\u00e4rdla, M.K\u00fctt, C.Karus, J.Sillaj\u00f5e, R.Olev<br \/>C309, C219, C209, C319, C217<\/td><td>In.\u00f5p<br \/>R.Rohula<br \/>C115<\/td><td>Geo<br \/>K.Ambus<br \/>C308<\/td><td>\u00a0<\/td><td>\u00a0<\/td><td>\u00a0<\/td><\/tr><\/tbody><\/table><p>\u00a0<\/p>\t\t\t\t\t\t<\/div>\n\t\t\t\t<\/div>\n\t\t\t\t\t<\/div>\n\t\t<\/div>\n\t\t\t\t\t\t\t<\/div>\n\t\t<\/section>\n\t\t\t\t\t\t\t<\/div>\n\t\t","protected":false},"excerpt":{"rendered":"<p>TAGASI AVALEHELE P\u00e4ev 1. 2. 3. 4. 5. 6. 7. 8. Es \u00d5piteeR.RohulaA1 A206, A2 A207 VK \/ SKJ.Botskova, E.Saaren, S.SootsA103, B212, C117 F\u00fc\u00fcsV.KalindC204 Eesti kL.PruulC123 KunstH.LahiC116 MatemM.K\u00e4rdla, M.K\u00fctt, C.Karus, J.Sillaj\u00f5e, R.OlevC309, C219, C209, C319, C217 KirjL.PruulC123 \u00a0 Te Eesti kL.PruulC123 KeemiaL.LeinmetsC303 VK \/ SKJ.Botskova, E.Saaren, S.SootsA103, B212, C117 AjaluguM.LillepeaC315 GeoK.AmbusC308 MatemM.K\u00e4rdla, M.K\u00fctt, C.Karus, J.Sillaj\u00f5e, &hellip;<\/p>\n<p class=\"read-more\"> <a class=\"\" href=\"https:\/\/infokiosk.kadrina-kool.edu.ee\/?page_id=1724\"> <span class=\"screen-reader-text\">8.A<\/span> Read More &raquo;<\/a><\/p>\n","protected":false},"author":2,"featured_media":0,"parent":0,"menu_order":0,"comment_status":"closed","ping_status":"closed","template":"elementor_canvas","meta":{"_uag_custom_page_level_css":"","site-sidebar-layout":"default","site-content-layout":"","ast-site-content-layout":"","site-content-style":"default","site-sidebar-style":"default","ast-global-header-display":"","ast-banner-title-visibility":"","ast-main-header-display":"","ast-hfb-above-header-display":"","ast-hfb-below-header-display":"","ast-hfb-mobile-header-display":"","site-post-title":"","ast-breadcrumbs-content":"","ast-featured-img":"","footer-sml-layout":"","theme-transparent-header-meta":"","adv-header-id-meta":"","stick-header-meta":"","header-above-stick-meta":"","header-main-stick-meta":"","header-below-stick-meta":"","astra-migrate-meta-layouts":"","ast-page-background-enabled":"default","ast-page-background-meta":{"desktop":{"background-color":"var(--ast-global-color-4)","background-image":"","background-repeat":"repeat","background-position":"center center","background-size":"auto","background-attachment":"scroll","background-type":"","background-media":"","overlay-type":"","overlay-color":"","overlay-gradient":""},"tablet":{"background-color":"","background-image":"","background-repeat":"repeat","background-position":"center center","background-size":"auto","background-attachment":"scroll","background-type":"","background-media":"","overlay-type":"","overlay-color":"","overlay-gradient":""},"mobile":{"background-color":"","background-image":"","background-repeat":"repeat","background-position":"center center","background-size":"auto","background-attachment":"scroll","background-type":"","background-media":"","overlay-type":"","overlay-color":"","overlay-gradient":""}},"ast-content-background-meta":{"desktop":{"background-color":"var(--ast-global-color-5)","background-image":"","background-repeat":"repeat","background-position":"center center","background-size":"auto","background-attachment":"scroll","background-type":"","background-media":"","overlay-type":"","overlay-color":"","overlay-gradient":""},"tablet":{"background-color":"var(--ast-global-color-5)","background-image":"","background-repeat":"repeat","background-position":"center center","background-size":"auto","background-attachment":"scroll","background-type":"","background-media":"","overlay-type":"","overlay-color":"","overlay-gradient":""},"mobile":{"background-color":"var(--ast-global-color-5)","background-image":"","background-repeat":"repeat","background-position":"center center","background-size":"auto","background-attachment":"scroll","background-type":"","background-media":"","overlay-type":"","overlay-color":"","overlay-gradient":""}},"footnotes":""},"class_list":["post-1724","page","type-page","status-publish","hentry"],"uagb_featured_image_src":{"full":false,"thumbnail":false,"medium":false,"medium_large":false,"large":false,"1536x1536":false,"2048x2048":false},"uagb_author_info":{"display_name":"Helen Vagen","author_link":"https:\/\/infokiosk.kadrina-kool.edu.ee\/?author=2"},"uagb_comment_info":0,"uagb_excerpt":"TAGASI AVALEHELE P\u00e4ev 1. 2. 3. 4. 5. 6. 7. 8. Es \u00d5piteeR.RohulaA1 A206, A2 A207 VK \/ SKJ.Botskova, E.Saaren, S.SootsA103, B212, C117 F\u00fc\u00fcsV.KalindC204 Eesti kL.PruulC123 KunstH.LahiC116 MatemM.K\u00e4rdla, M.K\u00fctt, C.Karus, J.Sillaj\u00f5e, R.OlevC309, C219, C209, C319, C217 KirjL.PruulC123 \u00a0 Te Eesti kL.PruulC123 KeemiaL.LeinmetsC303 VK \/ SKJ.Botskova, E.Saaren, S.SootsA103, B212, C117 AjaluguM.LillepeaC315 GeoK.AmbusC308 MatemM.K\u00e4rdla, M.K\u00fctt, C.Karus, J.Sillaj\u00f5e,&hellip;","_links":{"self":[{"href":"https:\/\/infokiosk.kadrina-kool.edu.ee\/index.php?rest_route=\/wp\/v2\/pages\/1724","targetHints":{"allow":["GET"]}}],"collection":[{"href":"https:\/\/infokiosk.kadrina-kool.edu.ee\/index.php?rest_route=\/wp\/v2\/pages"}],"about":[{"href":"https:\/\/infokiosk.kadrina-kool.edu.ee\/index.php?rest_route=\/wp\/v2\/types\/page"}],"author":[{"embeddable":true,"href":"https:\/\/infokiosk.kadrina-kool.edu.ee\/index.php?rest_route=\/wp\/v2\/users\/2"}],"replies":[{"embeddable":true,"href":"https:\/\/infokiosk.kadrina-kool.edu.ee\/index.php?rest_route=%2Fwp%2Fv2%2Fcomments&post=1724"}],"version-history":[{"count":52,"href":"https:\/\/infokiosk.kadrina-kool.edu.ee\/index.php?rest_route=\/wp\/v2\/pages\/1724\/revisions"}],"predecessor-version":[{"id":3898,"href":"https:\/\/infokiosk.kadrina-kool.edu.ee\/index.php?rest_route=\/wp\/v2\/pages\/1724\/revisions\/3898"}],"wp:attachment":[{"href":"https:\/\/infokiosk.kadrina-kool.edu.ee\/index.php?rest_route=%2Fwp%2Fv2%2Fmedia&parent=1724"}],"curies":[{"name":"wp","href":"https:\/\/api.w.org\/{rel}","templated":true}]}}