{"id":1658,"date":"2023-08-31T15:30:39","date_gmt":"2023-08-31T12:30:39","guid":{"rendered":"https:\/\/infokiosk.kadrina-kool.edu.ee\/?page_id=1658"},"modified":"2026-01-19T11:05:13","modified_gmt":"2026-01-19T09:05:13","slug":"6-c","status":"publish","type":"page","link":"https:\/\/infokiosk.kadrina-kool.edu.ee\/?page_id=1658","title":{"rendered":"6.C"},"content":{"rendered":"\t\t<div data-elementor-type=\"wp-page\" data-elementor-id=\"1658\" class=\"elementor elementor-1658\">\n\t\t\t\t\t\t\t\t\t<section class=\"elementor-section elementor-top-section elementor-element elementor-element-55d121f elementor-section-boxed elementor-section-height-default elementor-section-height-default\" data-id=\"55d121f\" data-element_type=\"section\">\n\t\t\t\t\t\t<div class=\"elementor-container elementor-column-gap-default\">\n\t\t\t\t\t<div class=\"elementor-column elementor-col-100 elementor-top-column elementor-element elementor-element-fda050b\" data-id=\"fda050b\" data-element_type=\"column\">\n\t\t\t<div class=\"elementor-widget-wrap elementor-element-populated\">\n\t\t\t\t\t\t\t\t<div class=\"elementor-element elementor-element-6018ac8 elementor-align-center elementor-widget elementor-widget-button\" data-id=\"6018ac8\" data-element_type=\"widget\" data-widget_type=\"button.default\">\n\t\t\t\t<div class=\"elementor-widget-container\">\n\t\t\t\t\t<div class=\"elementor-button-wrapper\">\n\t\t\t<a class=\"elementor-button elementor-button-link elementor-size-lg\" href=\"https:\/\/infokiosk.kadrina-kool.edu.ee\/\">\n\t\t\t\t\t\t<span class=\"elementor-button-content-wrapper\">\n\t\t\t\t\t\t<span class=\"elementor-button-icon elementor-align-icon-left\">\n\t\t\t\t<i aria-hidden=\"true\" class=\"fas fa-long-arrow-alt-left\"><\/i>\t\t\t<\/span>\n\t\t\t\t\t\t<span class=\"elementor-button-text\">TAGASI AVALEHELE<\/span>\n\t\t<\/span>\n\t\t\t\t\t<\/a>\n\t\t<\/div>\n\t\t\t\t<\/div>\n\t\t\t\t<\/div>\n\t\t\t\t\t<\/div>\n\t\t<\/div>\n\t\t\t\t\t\t\t<\/div>\n\t\t<\/section>\n\t\t\t\t<section class=\"elementor-section elementor-top-section elementor-element elementor-element-72ac3b7a elementor-section-boxed elementor-section-height-default elementor-section-height-default\" data-id=\"72ac3b7a\" data-element_type=\"section\">\n\t\t\t\t\t\t<div class=\"elementor-container elementor-column-gap-default\">\n\t\t\t\t\t<div class=\"elementor-column elementor-col-100 elementor-top-column elementor-element elementor-element-5f58272c\" data-id=\"5f58272c\" data-element_type=\"column\">\n\t\t\t<div class=\"elementor-widget-wrap elementor-element-populated\">\n\t\t\t\t\t\t\t\t<div class=\"elementor-element elementor-element-2cf323e6 elementor-widget elementor-widget-text-editor\" data-id=\"2cf323e6\" data-element_type=\"widget\" data-widget_type=\"text-editor.default\">\n\t\t\t\t<div class=\"elementor-widget-container\">\n\t\t\t<style>\/*! elementor - v3.18.0 - 20-12-2023 *\/\n.elementor-widget-text-editor.elementor-drop-cap-view-stacked .elementor-drop-cap{background-color:#69727d;color:#fff}.elementor-widget-text-editor.elementor-drop-cap-view-framed .elementor-drop-cap{color:#69727d;border:3px solid;background-color:transparent}.elementor-widget-text-editor:not(.elementor-drop-cap-view-default) .elementor-drop-cap{margin-top:8px}.elementor-widget-text-editor:not(.elementor-drop-cap-view-default) .elementor-drop-cap-letter{width:1em;height:1em}.elementor-widget-text-editor .elementor-drop-cap{float:left;text-align:center;line-height:1;font-size:50px}.elementor-widget-text-editor .elementor-drop-cap-letter{display:inline-block}<\/style>\t\t\t\t<table><tbody><tr><td>P\u00e4ev<\/td><td>1.<\/td><td>2.<\/td><td>3.<\/td><td>4.<\/td><td>5.<\/td><td>6.<\/td><td>7.<\/td><td>8.<\/td><\/tr><tr><td rowspan=\"2\">Es<\/td><td rowspan=\"2\">Loodus<br \/>K.Kasemets<br \/>C305<\/td><td rowspan=\"2\">Ajalugu<br \/>H.Kala<br \/>C313<\/td><td>Keh.kasv<br \/>\u00dc.Kink, A.Petrovits<\/td><td>Keh.kasv<br \/>\u00dc.Kink, A.Petrovits<\/td><td rowspan=\"2\">Matem<br \/>E.Tamme<\/td><td rowspan=\"2\">\u00dchiskond<br \/>H.Kala<br \/>C313<\/td><td rowspan=\"2\">Vene k<br \/>J.Botskova<br \/>A103<\/td><td rowspan=\"2\">\u00a0<\/td><\/tr><tr><td>Keh.kasv<br \/>\u00dc.Kink, A.Petrovits<\/td><td>Keh.kasv<br \/>\u00dc.Kink, A.Petrovits<\/td><\/tr><tr><td>Te<\/td><td>\u00d5pitee<br \/>K.Kasemets<br \/>C305<\/td><td>Eesti k<br \/>L.Suurkivi<br \/>M C114<\/td><td>Loodus<br \/>K.Kasemets<br \/>C305<\/td><td>Vene k<br \/>J.Botskova<br \/>A103<\/td><td>Matem<br \/>E.Tamme<\/td><td>Inglise k<br \/>S.Ojasalu<br \/>B216<\/td><td>\u00a0<\/td><td>\u00a0<\/td><\/tr><tr><td>Ko<\/td><td>Inglise k<br \/>S.Ojasalu<br \/>B216<\/td><td>Eesti k<br \/>L.Suurkivi<br \/>M C114<\/td><td>Valikaine<br \/>H.Kala, H.Lahi, L.Uusk\u00fcla, H.Valdmets<br \/>C313, A1 A206, C116, B110, A2 A207<\/td><td>IK arvutis<br \/>S.Ojasalu<br \/>A3 A208<\/td><td>Matem<br \/>E.Tamme<\/td><td>Ajalugu<br \/>H.Kala<br \/>C313<\/td><td>\u00a0<\/td><td>\u00a0<\/td><\/tr><tr><td>Ne<\/td><td>Kirj<br \/>L.Suurkivi<br \/>M C114<\/td><td>Kunst<br \/>H.Lahi<\/td><td>Kunst<br \/>H.Lahi<\/td><td>Vene k<br \/>J.Botskova<br \/>A103<\/td><td>Loodus<br \/>K.Kasemets<br \/>C305<\/td><td>Muusika<br \/>T.Arro<br \/>Muusika 2<\/td><td>\u00a0<\/td><td>\u00a0<\/td><\/tr><tr><td>Re<\/td><td>Eesti k<br \/>L.Suurkivi<br \/>M C114<\/td><td>Matem<br \/>E.Tamme<\/td><td>Kirj<br \/>L.Suurkivi<br \/>C216<\/td><td>Inglise k<br \/>S.Ojasalu<br \/>B216<\/td><td>In.\u00f5p<br \/>R.Ritsik<\/td><td>\u00a0<\/td><td>\u00a0<\/td><td>\u00a0<\/td><\/tr><\/tbody><\/table><p>\u00a0<\/p>\t\t\t\t\t\t<\/div>\n\t\t\t\t<\/div>\n\t\t\t\t\t<\/div>\n\t\t<\/div>\n\t\t\t\t\t\t\t<\/div>\n\t\t<\/section>\n\t\t\t\t\t\t\t<\/div>\n\t\t","protected":false},"excerpt":{"rendered":"<p>TAGASI AVALEHELE P\u00e4ev 1. 2. 3. 4. 5. 6. 7. 8. Es LoodusK.KasemetsC305 AjaluguH.KalaC313 Keh.kasv\u00dc.Kink, A.Petrovits Keh.kasv\u00dc.Kink, A.Petrovits MatemE.Tamme \u00dchiskondH.KalaC313 Vene kJ.BotskovaA103 \u00a0 Keh.kasv\u00dc.Kink, A.Petrovits Keh.kasv\u00dc.Kink, A.Petrovits Te \u00d5piteeK.KasemetsC305 Eesti kL.SuurkiviM C114 LoodusK.KasemetsC305 Vene kJ.BotskovaA103 MatemE.Tamme Inglise kS.OjasaluB216 \u00a0 \u00a0 Ko Inglise kS.OjasaluB216 Eesti kL.SuurkiviM C114 ValikaineH.Kala, H.Lahi, L.Uusk\u00fcla, H.ValdmetsC313, A1 A206, C116, B110, A2 &hellip;<\/p>\n<p class=\"read-more\"> <a class=\"\" href=\"https:\/\/infokiosk.kadrina-kool.edu.ee\/?page_id=1658\"> <span class=\"screen-reader-text\">6.C<\/span> Read More &raquo;<\/a><\/p>\n","protected":false},"author":1,"featured_media":0,"parent":0,"menu_order":0,"comment_status":"closed","ping_status":"closed","template":"elementor_canvas","meta":{"_uag_custom_page_level_css":"","site-sidebar-layout":"default","site-content-layout":"","ast-site-content-layout":"","site-content-style":"default","site-sidebar-style":"default","ast-global-header-display":"","ast-banner-title-visibility":"","ast-main-header-display":"","ast-hfb-above-header-display":"","ast-hfb-below-header-display":"","ast-hfb-mobile-header-display":"","site-post-title":"","ast-breadcrumbs-content":"","ast-featured-img":"","footer-sml-layout":"","theme-transparent-header-meta":"","adv-header-id-meta":"","stick-header-meta":"","header-above-stick-meta":"","header-main-stick-meta":"","header-below-stick-meta":"","astra-migrate-meta-layouts":"","ast-page-background-enabled":"default","ast-page-background-meta":{"desktop":{"background-color":"var(--ast-global-color-4)","background-image":"","background-repeat":"repeat","background-position":"center center","background-size":"auto","background-attachment":"scroll","background-type":"","background-media":"","overlay-type":"","overlay-color":"","overlay-gradient":""},"tablet":{"background-color":"","background-image":"","background-repeat":"repeat","background-position":"center center","background-size":"auto","background-attachment":"scroll","background-type":"","background-media":"","overlay-type":"","overlay-color":"","overlay-gradient":""},"mobile":{"background-color":"","background-image":"","background-repeat":"repeat","background-position":"center center","background-size":"auto","background-attachment":"scroll","background-type":"","background-media":"","overlay-type":"","overlay-color":"","overlay-gradient":""}},"ast-content-background-meta":{"desktop":{"background-color":"var(--ast-global-color-5)","background-image":"","background-repeat":"repeat","background-position":"center center","background-size":"auto","background-attachment":"scroll","background-type":"","background-media":"","overlay-type":"","overlay-color":"","overlay-gradient":""},"tablet":{"background-color":"var(--ast-global-color-5)","background-image":"","background-repeat":"repeat","background-position":"center center","background-size":"auto","background-attachment":"scroll","background-type":"","background-media":"","overlay-type":"","overlay-color":"","overlay-gradient":""},"mobile":{"background-color":"var(--ast-global-color-5)","background-image":"","background-repeat":"repeat","background-position":"center center","background-size":"auto","background-attachment":"scroll","background-type":"","background-media":"","overlay-type":"","overlay-color":"","overlay-gradient":""}},"footnotes":""},"class_list":["post-1658","page","type-page","status-publish","hentry"],"uagb_featured_image_src":{"full":false,"thumbnail":false,"medium":false,"medium_large":false,"large":false,"1536x1536":false,"2048x2048":false},"uagb_author_info":{"display_name":"admin","author_link":"https:\/\/infokiosk.kadrina-kool.edu.ee\/?author=1"},"uagb_comment_info":0,"uagb_excerpt":"TAGASI AVALEHELE P\u00e4ev 1. 2. 3. 4. 5. 6. 7. 8. Es LoodusK.KasemetsC305 AjaluguH.KalaC313 Keh.kasv\u00dc.Kink, A.Petrovits Keh.kasv\u00dc.Kink, A.Petrovits MatemE.Tamme \u00dchiskondH.KalaC313 Vene kJ.BotskovaA103 \u00a0 Keh.kasv\u00dc.Kink, A.Petrovits Keh.kasv\u00dc.Kink, A.Petrovits Te \u00d5piteeK.KasemetsC305 Eesti kL.SuurkiviM C114 LoodusK.KasemetsC305 Vene kJ.BotskovaA103 MatemE.Tamme Inglise kS.OjasaluB216 \u00a0 \u00a0 Ko Inglise kS.OjasaluB216 Eesti kL.SuurkiviM C114 ValikaineH.Kala, H.Lahi, L.Uusk\u00fcla, H.ValdmetsC313, A1 A206, C116, B110, A2&hellip;","_links":{"self":[{"href":"https:\/\/infokiosk.kadrina-kool.edu.ee\/index.php?rest_route=\/wp\/v2\/pages\/1658","targetHints":{"allow":["GET"]}}],"collection":[{"href":"https:\/\/infokiosk.kadrina-kool.edu.ee\/index.php?rest_route=\/wp\/v2\/pages"}],"about":[{"href":"https:\/\/infokiosk.kadrina-kool.edu.ee\/index.php?rest_route=\/wp\/v2\/types\/page"}],"author":[{"embeddable":true,"href":"https:\/\/infokiosk.kadrina-kool.edu.ee\/index.php?rest_route=\/wp\/v2\/users\/1"}],"replies":[{"embeddable":true,"href":"https:\/\/infokiosk.kadrina-kool.edu.ee\/index.php?rest_route=%2Fwp%2Fv2%2Fcomments&post=1658"}],"version-history":[{"count":26,"href":"https:\/\/infokiosk.kadrina-kool.edu.ee\/index.php?rest_route=\/wp\/v2\/pages\/1658\/revisions"}],"predecessor-version":[{"id":3885,"href":"https:\/\/infokiosk.kadrina-kool.edu.ee\/index.php?rest_route=\/wp\/v2\/pages\/1658\/revisions\/3885"}],"wp:attachment":[{"href":"https:\/\/infokiosk.kadrina-kool.edu.ee\/index.php?rest_route=%2Fwp%2Fv2%2Fmedia&parent=1658"}],"curies":[{"name":"wp","href":"https:\/\/api.w.org\/{rel}","templated":true}]}}