{"id":1650,"date":"2023-08-31T15:29:19","date_gmt":"2023-08-31T12:29:19","guid":{"rendered":"https:\/\/infokiosk.kadrina-kool.edu.ee\/?page_id=1650"},"modified":"2026-01-19T11:01:11","modified_gmt":"2026-01-19T09:01:11","slug":"5-b","status":"publish","type":"page","link":"https:\/\/infokiosk.kadrina-kool.edu.ee\/?page_id=1650","title":{"rendered":"5.B"},"content":{"rendered":"\t\t<div data-elementor-type=\"wp-page\" data-elementor-id=\"1650\" class=\"elementor elementor-1650\">\n\t\t\t\t\t\t\t\t\t<section class=\"elementor-section elementor-top-section elementor-element elementor-element-6a094a1 elementor-section-boxed elementor-section-height-default elementor-section-height-default\" data-id=\"6a094a1\" data-element_type=\"section\">\n\t\t\t\t\t\t<div class=\"elementor-container elementor-column-gap-default\">\n\t\t\t\t\t<div class=\"elementor-column elementor-col-100 elementor-top-column elementor-element elementor-element-aaac5e2\" data-id=\"aaac5e2\" data-element_type=\"column\">\n\t\t\t<div class=\"elementor-widget-wrap elementor-element-populated\">\n\t\t\t\t\t\t\t\t<div class=\"elementor-element elementor-element-49899c7 elementor-align-center elementor-widget elementor-widget-button\" data-id=\"49899c7\" data-element_type=\"widget\" data-widget_type=\"button.default\">\n\t\t\t\t<div class=\"elementor-widget-container\">\n\t\t\t\t\t<div class=\"elementor-button-wrapper\">\n\t\t\t<a class=\"elementor-button elementor-button-link elementor-size-lg\" href=\"https:\/\/infokiosk.kadrina-kool.edu.ee\/\">\n\t\t\t\t\t\t<span class=\"elementor-button-content-wrapper\">\n\t\t\t\t\t\t<span class=\"elementor-button-icon elementor-align-icon-left\">\n\t\t\t\t<i aria-hidden=\"true\" class=\"fas fa-long-arrow-alt-left\"><\/i>\t\t\t<\/span>\n\t\t\t\t\t\t<span class=\"elementor-button-text\">TAGASI AVALEHELE<\/span>\n\t\t<\/span>\n\t\t\t\t\t<\/a>\n\t\t<\/div>\n\t\t\t\t<\/div>\n\t\t\t\t<\/div>\n\t\t\t\t\t<\/div>\n\t\t<\/div>\n\t\t\t\t\t\t\t<\/div>\n\t\t<\/section>\n\t\t\t\t<section class=\"elementor-section elementor-top-section elementor-element elementor-element-6a40b2d1 elementor-section-boxed elementor-section-height-default elementor-section-height-default\" data-id=\"6a40b2d1\" data-element_type=\"section\">\n\t\t\t\t\t\t<div class=\"elementor-container elementor-column-gap-default\">\n\t\t\t\t\t<div class=\"elementor-column elementor-col-100 elementor-top-column elementor-element elementor-element-4d5689e7\" data-id=\"4d5689e7\" data-element_type=\"column\">\n\t\t\t<div class=\"elementor-widget-wrap elementor-element-populated\">\n\t\t\t\t\t\t\t\t<div class=\"elementor-element elementor-element-3f93861f elementor-widget elementor-widget-text-editor\" data-id=\"3f93861f\" data-element_type=\"widget\" data-widget_type=\"text-editor.default\">\n\t\t\t\t<div class=\"elementor-widget-container\">\n\t\t\t<style>\/*! elementor - v3.18.0 - 20-12-2023 *\/\n.elementor-widget-text-editor.elementor-drop-cap-view-stacked .elementor-drop-cap{background-color:#69727d;color:#fff}.elementor-widget-text-editor.elementor-drop-cap-view-framed .elementor-drop-cap{color:#69727d;border:3px solid;background-color:transparent}.elementor-widget-text-editor:not(.elementor-drop-cap-view-default) .elementor-drop-cap{margin-top:8px}.elementor-widget-text-editor:not(.elementor-drop-cap-view-default) .elementor-drop-cap-letter{width:1em;height:1em}.elementor-widget-text-editor .elementor-drop-cap{float:left;text-align:center;line-height:1;font-size:50px}.elementor-widget-text-editor .elementor-drop-cap-letter{display:inline-block}<\/style>\t\t\t\t<table><tbody><tr><td>P\u00e4ev<\/td><td>1.<\/td><td>2.<\/td><td>3.<\/td><td>4.<\/td><td>5.<\/td><td>6.<\/td><td>7.<\/td><td>8.<\/td><\/tr><tr><td>Es<\/td><td>Ajalugu<br \/>H.Kala<br \/>C313<\/td><td>Inglise k<br \/>K.M\u00e4gi, K.King, S.Ojasalu<br \/>B113, C318, B216<\/td><td>Valikaine<br \/>H.Kala, K.K\u00fclmhallik, H.Valdmets<br \/>A1 A206, C313, sport, A2 A207<\/td><td>Matem<br \/>R.Rohula<br \/>C115<\/td><td>Muusika<br \/>K.Klaan<br \/>Muusika 1<\/td><td>\u00d5pitee<br \/>K.K\u00fclmhallik<br \/>rmtk<\/td><td>\u00a0<\/td><td>\u00a0<\/td><\/tr><tr><td rowspan=\"2\">Te<\/td><td rowspan=\"2\">Matem<br \/>R.Rohula<br \/>C115<\/td><td rowspan=\"2\">Eesti k<br \/>M.K\u00fctt, L.Pruul, R.Rohula<br \/>C113, C217, C115<\/td><td>Keh.kasv<br \/>K.K\u00fclmhallik, A.Petrovits<\/td><td>Keh.kasv<br \/>K.K\u00fclmhallik, A.Petrovits<\/td><td rowspan=\"2\">Inglise k<br \/>K.M\u00e4gi, K.King, S.Ojasalu<br \/>B113, C318, B216<\/td><td rowspan=\"2\">Eesti k<br \/>R.Rohula<br \/>C115<\/td><td rowspan=\"2\">\u00a0<\/td><td rowspan=\"2\">\u00a0<\/td><\/tr><tr><td>Keh.kasv<br \/>K.K\u00fclmhallik, A.Petrovits<\/td><td>Keh.kasv<br \/>K.K\u00fclmhallik, A.Petrovits<\/td><\/tr><tr><td>Ko<\/td><td>Kunst<br \/>H.Lahi<br \/>C116<\/td><td>Loodus<br \/>R.Rohula<br \/>C115<\/td><td>Loodust. kirjaoskus<br \/>K.Ambus<br \/>C308<\/td><td>Ek \/ Kirj<br \/>L.Pruul, M.K\u00fctt, M.F\u00e4elmann, R.Rohula<br \/>C113, C217, C216, C115<\/td><td>Ajalugu<br \/>H.Kala<br \/>C313<\/td><td>Matem<br \/>R.Rohula<br \/>C115<\/td><td>\u00a0<\/td><td>\u00a0<\/td><\/tr><tr><td rowspan=\"2\">Ne<\/td><td rowspan=\"2\">Matem<br \/>R.Rohula<br \/>C115<\/td><td rowspan=\"2\">Matem<br \/>R.Rohula<br \/>C115<\/td><td rowspan=\"2\">Ek \/ Kirj<br \/>L.Pruul, M.K\u00fctt, M.F\u00e4elmann, R.Rohula<br \/>C113, C217, C216, C115<\/td><td>Keh.kasv<br \/>K.K\u00fclmhallik, A.Petrovits<\/td><td rowspan=\"2\">Loodus<br \/>R.Rohula<br \/>C115<\/td><td rowspan=\"2\">\u00a0<\/td><td rowspan=\"2\">\u00a0<\/td><td rowspan=\"2\">\u00a0<\/td><\/tr><tr><td>Keh.kasv<br \/>K.K\u00fclmhallik, A.Petrovits<\/td><\/tr><tr><td>Re<\/td><td>K\u00e4sit.\/kodundus\/ tehnoloogia<br \/>M.Annula, K.Meos<\/td><td>K\u00e4sit.\/kodundus\/ tehnoloogia<br \/>M.Annula, K.Meos<\/td><td>Eesti k<br \/>R.Rohula<br \/>C115<\/td><td>In.\u00f5p<br \/>K.K\u00fclmhallik<br \/>rmtk<\/td><td>Inglise k<br \/>K.King, K.M\u00e4gi, S.Ojasalu<br \/>B113, B216, C318<\/td><td>\u00a0<\/td><td>\u00a0<\/td><td>\u00a0<\/td><\/tr><\/tbody><\/table><p>\u00a0<\/p>\t\t\t\t\t\t<\/div>\n\t\t\t\t<\/div>\n\t\t\t\t\t<\/div>\n\t\t<\/div>\n\t\t\t\t\t\t\t<\/div>\n\t\t<\/section>\n\t\t\t\t\t\t\t<\/div>\n\t\t","protected":false},"excerpt":{"rendered":"<p>TAGASI AVALEHELE P\u00e4ev 1. 2. 3. 4. 5. 6. 7. 8. Es AjaluguH.KalaC313 Inglise kK.M\u00e4gi, K.King, S.OjasaluB113, C318, B216 ValikaineH.Kala, K.K\u00fclmhallik, H.ValdmetsA1 A206, C313, sport, A2 A207 MatemR.RohulaC115 MuusikaK.KlaanMuusika 1 \u00d5piteeK.K\u00fclmhallikrmtk \u00a0 \u00a0 Te MatemR.RohulaC115 Eesti kM.K\u00fctt, L.Pruul, R.RohulaC113, C217, C115 Keh.kasvK.K\u00fclmhallik, A.Petrovits Keh.kasvK.K\u00fclmhallik, A.Petrovits Inglise kK.M\u00e4gi, K.King, S.OjasaluB113, C318, B216 Eesti kR.RohulaC115 \u00a0 \u00a0 &hellip;<\/p>\n<p class=\"read-more\"> <a class=\"\" href=\"https:\/\/infokiosk.kadrina-kool.edu.ee\/?page_id=1650\"> <span class=\"screen-reader-text\">5.B<\/span> Read More &raquo;<\/a><\/p>\n","protected":false},"author":1,"featured_media":0,"parent":0,"menu_order":0,"comment_status":"closed","ping_status":"closed","template":"elementor_canvas","meta":{"_uag_custom_page_level_css":"","site-sidebar-layout":"default","site-content-layout":"","ast-site-content-layout":"","site-content-style":"default","site-sidebar-style":"default","ast-global-header-display":"","ast-banner-title-visibility":"","ast-main-header-display":"","ast-hfb-above-header-display":"","ast-hfb-below-header-display":"","ast-hfb-mobile-header-display":"","site-post-title":"","ast-breadcrumbs-content":"","ast-featured-img":"","footer-sml-layout":"","theme-transparent-header-meta":"","adv-header-id-meta":"","stick-header-meta":"","header-above-stick-meta":"","header-main-stick-meta":"","header-below-stick-meta":"","astra-migrate-meta-layouts":"","ast-page-background-enabled":"default","ast-page-background-meta":{"desktop":{"background-color":"var(--ast-global-color-4)","background-image":"","background-repeat":"repeat","background-position":"center center","background-size":"auto","background-attachment":"scroll","background-type":"","background-media":"","overlay-type":"","overlay-color":"","overlay-gradient":""},"tablet":{"background-color":"","background-image":"","background-repeat":"repeat","background-position":"center center","background-size":"auto","background-attachment":"scroll","background-type":"","background-media":"","overlay-type":"","overlay-color":"","overlay-gradient":""},"mobile":{"background-color":"","background-image":"","background-repeat":"repeat","background-position":"center center","background-size":"auto","background-attachment":"scroll","background-type":"","background-media":"","overlay-type":"","overlay-color":"","overlay-gradient":""}},"ast-content-background-meta":{"desktop":{"background-color":"var(--ast-global-color-5)","background-image":"","background-repeat":"repeat","background-position":"center center","background-size":"auto","background-attachment":"scroll","background-type":"","background-media":"","overlay-type":"","overlay-color":"","overlay-gradient":""},"tablet":{"background-color":"var(--ast-global-color-5)","background-image":"","background-repeat":"repeat","background-position":"center center","background-size":"auto","background-attachment":"scroll","background-type":"","background-media":"","overlay-type":"","overlay-color":"","overlay-gradient":""},"mobile":{"background-color":"var(--ast-global-color-5)","background-image":"","background-repeat":"repeat","background-position":"center center","background-size":"auto","background-attachment":"scroll","background-type":"","background-media":"","overlay-type":"","overlay-color":"","overlay-gradient":""}},"footnotes":""},"class_list":["post-1650","page","type-page","status-publish","hentry"],"uagb_featured_image_src":{"full":false,"thumbnail":false,"medium":false,"medium_large":false,"large":false,"1536x1536":false,"2048x2048":false},"uagb_author_info":{"display_name":"admin","author_link":"https:\/\/infokiosk.kadrina-kool.edu.ee\/?author=1"},"uagb_comment_info":0,"uagb_excerpt":"TAGASI AVALEHELE P\u00e4ev 1. 2. 3. 4. 5. 6. 7. 8. Es AjaluguH.KalaC313 Inglise kK.M\u00e4gi, K.King, S.OjasaluB113, C318, B216 ValikaineH.Kala, K.K\u00fclmhallik, H.ValdmetsA1 A206, C313, sport, A2 A207 MatemR.RohulaC115 MuusikaK.KlaanMuusika 1 \u00d5piteeK.K\u00fclmhallikrmtk \u00a0 \u00a0 Te MatemR.RohulaC115 Eesti kM.K\u00fctt, L.Pruul, R.RohulaC113, C217, C115 Keh.kasvK.K\u00fclmhallik, A.Petrovits Keh.kasvK.K\u00fclmhallik, A.Petrovits Inglise kK.M\u00e4gi, K.King, S.OjasaluB113, C318, B216 Eesti kR.RohulaC115 \u00a0 \u00a0&hellip;","_links":{"self":[{"href":"https:\/\/infokiosk.kadrina-kool.edu.ee\/index.php?rest_route=\/wp\/v2\/pages\/1650","targetHints":{"allow":["GET"]}}],"collection":[{"href":"https:\/\/infokiosk.kadrina-kool.edu.ee\/index.php?rest_route=\/wp\/v2\/pages"}],"about":[{"href":"https:\/\/infokiosk.kadrina-kool.edu.ee\/index.php?rest_route=\/wp\/v2\/types\/page"}],"author":[{"embeddable":true,"href":"https:\/\/infokiosk.kadrina-kool.edu.ee\/index.php?rest_route=\/wp\/v2\/users\/1"}],"replies":[{"embeddable":true,"href":"https:\/\/infokiosk.kadrina-kool.edu.ee\/index.php?rest_route=%2Fwp%2Fv2%2Fcomments&post=1650"}],"version-history":[{"count":26,"href":"https:\/\/infokiosk.kadrina-kool.edu.ee\/index.php?rest_route=\/wp\/v2\/pages\/1650\/revisions"}],"predecessor-version":[{"id":3870,"href":"https:\/\/infokiosk.kadrina-kool.edu.ee\/index.php?rest_route=\/wp\/v2\/pages\/1650\/revisions\/3870"}],"wp:attachment":[{"href":"https:\/\/infokiosk.kadrina-kool.edu.ee\/index.php?rest_route=%2Fwp%2Fv2%2Fmedia&parent=1650"}],"curies":[{"name":"wp","href":"https:\/\/api.w.org\/{rel}","templated":true}]}}